{"id":2640,"date":"2019-07-16T05:00:37","date_gmt":"2019-07-16T05:00:37","guid":{"rendered":"http:\/\/yucatancoastrealty.com\/?page_id=2640"},"modified":"2019-09-03T23:02:05","modified_gmt":"2019-09-04T04:02:05","slug":"local-information","status":"publish","type":"page","link":"https:\/\/yucatancoastrealty.com\/es\/local-information\/","title":{"rendered":"Informaci\u00f3n Local"},"content":{"rendered":"<p>[vc_row full_width=&#8221;stretch_row_content&#8221; equal_height=&#8221;yes&#8221; content_placement=&#8221;middle&#8221; css=&#8221;.vc_custom_1566339199706{padding-bottom: 0px !important;background-image: url(http:\/\/yucatancoastrealty.com\/wp-content\/uploads\/2019\/08\/4.jpg?id=3256) !important;background-position: center !important;background-repeat: no-repeat !important;background-size: cover !important;}&#8221;][vc_column css=&#8221;.vc_custom_1566338825489{padding-bottom: 0px !important;background-color: rgba(0,0,0,0.4) !important;*background-color: rgb(0,0,0) !important;}&#8221;][vc_empty_space height=&#8221;20vh&#8221;][vc_custom_heading source=&#8221;post_title&#8221; font_container=&#8221;tag:h1|text_align:center|color:%23ffffff&#8221; css=&#8221;.vc_custom_1566339181911{margin-bottom: 0px !important;padding-bottom: 0px !important;}&#8221;][vc_raw_html]JTNDbmF2JTIwY2xhc3MlM0QlMjJrdy1icmVhZGNydW1iJTIyJTIwc3R5bGUlM0QlMjJ3aWR0aCUzQSUyMDEwMCUyNSUzQnRleHQtYWxpZ24lM0ElMjBjZW50ZXIlM0IlMjIlM0UlMEElM0NhJTIwaHJlZiUzRCUyMmh0dHAlM0ElMkYlMkZ5dWNhdGFuY29hc3RyZWFsdHkuY29tJTJGJTIyJTIwdGl0bGUlM0QlMjJZdWNhdGFuJTIwQ29hc3QlMjBSZWFsdHklMjIlM0VIb21lJTNDJTJGYSUzRSUyMCUzQ3NwYW4lMjBjbGFzcyUzRCUyMnNlcGFyYXRlJTIyJTNFJTJGJTNDJTJGc3BhbiUzRSUyMCUzQ3NwYW4lMjBjbGFzcyUzRCUyMnRyYWlsLWVuZCUyMiUzRUluZm9ybWFjaSVDMyVCM24lMjBMb2NhbCUzQyUyRnNwYW4lM0UlMDklMDklMDklMDklMDklMDklMDklMDklM0MlMkZuYXYlM0U=[\/vc_raw_html][vc_empty_space height=&#8221;20vh&#8221;][\/vc_column][\/vc_row][vc_row equal_height=&#8221;yes&#8221; content_placement=&#8221;middle&#8221;][vc_column width=&#8221;1\/2&#8243;][vc_column_text css_animation=&#8221;fadeIn&#8221;]<\/p>\n<h1>M\u00e9rida<\/h1>\n<p><span style=\"color: #333333;\">M\u00e9rida, capital del estado de Yucat\u00e1n, surgi\u00f3 como resultado de la fusi\u00f3n de tres culturas principales: maya, espa\u00f1ola y libanesa, que juntas le dieron una personalidad \u00fanica y palpable en su arquitectura y gastronom\u00eda.<\/span><\/p>\n<p>Su m\u00fasica viva y su gran espect\u00e1culo cultural nos han convertido en la capital americana de la cultura.<\/p>\n<p>En esta ciudad m\u00e1gica, tradici\u00f3n y modernidad van de la mano. Impresionantes sitios arqueol\u00f3gicos, edificios coloniales y edificios modernos conviven en armon\u00eda.<\/p>\n<p>Adem\u00e1s de ser una de las ciudades m\u00e1s bellas del pa\u00eds, tambi\u00e9n es una de las ciudades m\u00e1s seguras de M\u00e9xico.<\/p>\n<p>M\u00e9rida tiene el t\u00edtulo de tener la mejor calidad de vida.<\/p>\n<p>M\u00e9rida es la ciudad blanca llena de aventura y belleza, naturaleza exuberante, hermosa arquitectura tradicional, cenotes, sitios arqueol\u00f3gicos y hermosas playas.<\/p>\n<p>La amabilidad de la gente, el ambiente tranquilo, los recorridos que puedes hacer durante la noche, la m\u00fasica de las serenatas, la belleza de las calles, la paz y la tranquilidad lo convierten en el lugar ideal para vivir.<\/p>\n<p>\u00a1Ven a Yucat\u00e1n, quedar\u00e1s impresionado![\/vc_column_text][\/vc_column][vc_column width=&#8221;1\/2&#8243;][vc_gallery interval=&#8221;3&#8243; images=&#8221;3261,3260,3259,3258,3257,3255,3254,3253&#8243; img_size=&#8221;medium&#8221;][\/vc_column][\/vc_row]<\/p>\n","protected":false},"excerpt":{"rendered":"<p>[vc_row full_width=&#8221;stretch_row_content&#8221; equal_height=&#8221;yes&#8221; content_placement=&#8221;middle&#8221; css=&#8221;.vc_custom_1566339199706{padding-bottom: 0px !important;background-image: url(http:\/\/yucatancoastrealty.com\/wp-content\/uploads\/2019\/08\/4.jpg?id=3256) !important;background-position: center !important;background-repeat: no-repeat !important;background-size: cover !important;}&#8221;][vc_column css=&#8221;.vc_custom_1566338825489{padding-bottom: 0px !important;background-color: rgba(0,0,0,0.4) !important;*background-color: rgb(0,0,0) !important;}&#8221;][vc_empty_space height=&#8221;20vh&#8221;][vc_custom_heading source=&#8221;post_title&#8221; font_container=&#8221;tag:h1|text_align:center|color:%23ffffff&#8221; css=&#8221;.vc_custom_1566339181911{margin-bottom: 0px !important;padding-bottom: 0px !important;}&#8221;][vc_raw_html]JTNDbmF2JTIwY2xhc3MlM0QlMjJrdy1icmVhZGNydW1iJTIyJTIwc3R5bGUlM0QlMjJ3aWR0aCUzQSUyMDEwMCUyNSUzQnRleHQtYWxpZ24lM0ElMjBjZW50ZXIlM0IlMjIlM0UlMEElM0NhJTIwaHJlZiUzRCUyMmh0dHAlM0ElMkYlMkZ5dWNhdGFuY29hc3RyZWFsdHkuY29tJTJGJTIyJTIwdGl0bGUlM0QlMjJZdWNhdGFuJTIwQ29hc3QlMjBSZWFsdHklMjIlM0VIb21lJTNDJTJGYSUzRSUyMCUzQ3NwYW4lMjBjbGFzcyUzRCUyMnNlcGFyYXRlJTIyJTNFJTJGJTNDJTJGc3BhbiUzRSUyMCUzQ3NwYW4lMjBjbGFzcyUzRCUyMnRyYWlsLWVuZCUyMiUzRUluZm9ybWFjaSVDMyVCM24lMjBMb2NhbCUzQyUyRnNwYW4lM0UlMDklMDklMDklMDklMDklMDklMDklMDklM0MlMkZuYXYlM0U=[\/vc_raw_html][vc_empty_space [&hellip;]<\/p>\n","protected":false},"author":1,"featured_media":3256,"parent":0,"menu_order":0,"comment_status":"closed","ping_status":"closed","template":"","meta":{"inline_featured_image":false,"footnotes":""},"class_list":["post-2640","page","type-page","status-publish","has-post-thumbnail","hentry"],"yoast_head":"<!-- This site is optimized with the Yoast SEO plugin v25.4 - https:\/\/yoast.com\/wordpress\/plugins\/seo\/ -->\n<title>Informaci\u00f3n Local - Yucat\u00e1n Coast Realty<\/title>\n<meta name=\"robots\" content=\"index, follow, max-snippet:-1, max-image-preview:large, max-video-preview:-1\" \/>\n<link rel=\"canonical\" href=\"https:\/\/yucatancoastrealty.com\/es\/local-information\/\" \/>\n<meta property=\"og:locale\" content=\"es_ES\" \/>\n<meta property=\"og:locale:alternate\" content=\"en_US\" \/>\n<meta property=\"og:type\" content=\"article\" \/>\n<meta property=\"og:title\" content=\"Informaci\u00f3n Local - Yucat\u00e1n Coast Realty\" \/>\n<meta property=\"og:description\" content=\"[vc_row full_width=&#8221;stretch_row_content&#8221; equal_height=&#8221;yes&#8221; content_placement=&#8221;middle&#8221; css=&#8221;.vc_custom_1566339199706{padding-bottom: 0px !important;background-image: url(http:\/\/yucatancoastrealty.com\/wp-content\/uploads\/2019\/08\/4.jpg?id=3256) !important;background-position: center !important;background-repeat: no-repeat !important;background-size: cover !important;}&#8221;][vc_column css=&#8221;.vc_custom_1566338825489{padding-bottom: 0px !important;background-color: rgba(0,0,0,0.4) !important;*background-color: rgb(0,0,0) !important;}&#8221;][vc_empty_space height=&#8221;20vh&#8221;][vc_custom_heading source=&#8221;post_title&#8221; font_container=&#8221;tag:h1|text_align:center|color:%23ffffff&#8221; css=&#8221;.vc_custom_1566339181911{margin-bottom: 0px !important;padding-bottom: 0px !important;}&#8221;][vc_raw_html]JTNDbmF2JTIwY2xhc3MlM0QlMjJrdy1icmVhZGNydW1iJTIyJTIwc3R5bGUlM0QlMjJ3aWR0aCUzQSUyMDEwMCUyNSUzQnRleHQtYWxpZ24lM0ElMjBjZW50ZXIlM0IlMjIlM0UlMEElM0NhJTIwaHJlZiUzRCUyMmh0dHAlM0ElMkYlMkZ5dWNhdGFuY29hc3RyZWFsdHkuY29tJTJGJTIyJTIwdGl0bGUlM0QlMjJZdWNhdGFuJTIwQ29hc3QlMjBSZWFsdHklMjIlM0VIb21lJTNDJTJGYSUzRSUyMCUzQ3NwYW4lMjBjbGFzcyUzRCUyMnNlcGFyYXRlJTIyJTNFJTJGJTNDJTJGc3BhbiUzRSUyMCUzQ3NwYW4lMjBjbGFzcyUzRCUyMnRyYWlsLWVuZCUyMiUzRUluZm9ybWFjaSVDMyVCM24lMjBMb2NhbCUzQyUyRnNwYW4lM0UlMDklMDklMDklMDklMDklMDklMDklMDklM0MlMkZuYXYlM0U=[\/vc_raw_html][vc_empty_space [&hellip;]\" \/>\n<meta property=\"og:url\" content=\"https:\/\/yucatancoastrealty.com\/es\/local-information\/\" \/>\n<meta property=\"og:site_name\" content=\"Yucat\u00e1n Coast Realty\" \/>\n<meta property=\"article:modified_time\" content=\"2019-09-04T04:02:05+00:00\" \/>\n<meta property=\"og:image\" content=\"https:\/\/yucatancoastrealty.com\/wp-content\/uploads\/2019\/08\/4.jpg\" \/>\n\t<meta property=\"og:image:width\" content=\"1200\" \/>\n\t<meta property=\"og:image:height\" content=\"831\" \/>\n\t<meta property=\"og:image:type\" content=\"image\/jpeg\" \/>\n<meta name=\"twitter:card\" content=\"summary_large_image\" \/>\n<meta name=\"twitter:label1\" content=\"Tiempo de lectura\" \/>\n\t<meta name=\"twitter:data1\" content=\"2 minutos\" \/>\n<script type=\"application\/ld+json\" class=\"yoast-schema-graph\">{\"@context\":\"https:\/\/schema.org\",\"@graph\":[{\"@type\":\"WebPage\",\"@id\":\"https:\/\/yucatancoastrealty.com\/local-information\/\",\"url\":\"https:\/\/yucatancoastrealty.com\/local-information\/\",\"name\":\"Informaci\u00f3n Local - Yucat\u00e1n Coast Realty\",\"isPartOf\":{\"@id\":\"https:\/\/yucatancoastrealty.com\/#website\"},\"primaryImageOfPage\":{\"@id\":\"https:\/\/yucatancoastrealty.com\/local-information\/#primaryimage\"},\"image\":{\"@id\":\"https:\/\/yucatancoastrealty.com\/local-information\/#primaryimage\"},\"thumbnailUrl\":\"https:\/\/yucatancoastrealty.com\/wp-content\/uploads\/2019\/08\/4.jpg\",\"datePublished\":\"2019-07-16T05:00:37+00:00\",\"dateModified\":\"2019-09-04T04:02:05+00:00\",\"breadcrumb\":{\"@id\":\"https:\/\/yucatancoastrealty.com\/local-information\/#breadcrumb\"},\"inLanguage\":\"es-ES\",\"potentialAction\":[{\"@type\":\"ReadAction\",\"target\":[\"https:\/\/yucatancoastrealty.com\/local-information\/\"]}]},{\"@type\":\"ImageObject\",\"inLanguage\":\"es-ES\",\"@id\":\"https:\/\/yucatancoastrealty.com\/local-information\/#primaryimage\",\"url\":\"https:\/\/yucatancoastrealty.com\/wp-content\/uploads\/2019\/08\/4.jpg\",\"contentUrl\":\"https:\/\/yucatancoastrealty.com\/wp-content\/uploads\/2019\/08\/4.jpg\",\"width\":1200,\"height\":831},{\"@type\":\"BreadcrumbList\",\"@id\":\"https:\/\/yucatancoastrealty.com\/local-information\/#breadcrumb\",\"itemListElement\":[{\"@type\":\"ListItem\",\"position\":1,\"name\":\"Home\",\"item\":\"https:\/\/yucatancoastrealty.com\/\"},{\"@type\":\"ListItem\",\"position\":2,\"name\":\"Local Information\"}]},{\"@type\":\"WebSite\",\"@id\":\"https:\/\/yucatancoastrealty.com\/#website\",\"url\":\"https:\/\/yucatancoastrealty.com\/\",\"name\":\"Yucat\u00e1n Coast Realty\",\"description\":\"El primer paso para conseguir la casa de tus sue\u00f1os.\",\"publisher\":{\"@id\":\"https:\/\/yucatancoastrealty.com\/#organization\"},\"potentialAction\":[{\"@type\":\"SearchAction\",\"target\":{\"@type\":\"EntryPoint\",\"urlTemplate\":\"https:\/\/yucatancoastrealty.com\/?s={search_term_string}\"},\"query-input\":{\"@type\":\"PropertyValueSpecification\",\"valueRequired\":true,\"valueName\":\"search_term_string\"}}],\"inLanguage\":\"es-ES\"},{\"@type\":\"Organization\",\"@id\":\"https:\/\/yucatancoastrealty.com\/#organization\",\"name\":\"Yucat\u00e1n Coast Realty\",\"url\":\"https:\/\/yucatancoastrealty.com\/\",\"logo\":{\"@type\":\"ImageObject\",\"inLanguage\":\"es-ES\",\"@id\":\"https:\/\/yucatancoastrealty.com\/#\/schema\/logo\/image\/\",\"url\":\"http:\/\/yucatancoastrealty.com\/wp-content\/uploads\/2019\/07\/logo-yucatan-coast.png\",\"contentUrl\":\"http:\/\/yucatancoastrealty.com\/wp-content\/uploads\/2019\/07\/logo-yucatan-coast.png\",\"width\":1846,\"height\":1337,\"caption\":\"Yucat\u00e1n Coast Realty\"},\"image\":{\"@id\":\"https:\/\/yucatancoastrealty.com\/#\/schema\/logo\/image\/\"}}]}<\/script>\n<!-- \/ Yoast SEO plugin. -->","yoast_head_json":{"title":"Informaci\u00f3n Local - Yucat\u00e1n Coast Realty","robots":{"index":"index","follow":"follow","max-snippet":"max-snippet:-1","max-image-preview":"max-image-preview:large","max-video-preview":"max-video-preview:-1"},"canonical":"https:\/\/yucatancoastrealty.com\/es\/local-information\/","og_locale":"es_ES","og_type":"article","og_title":"Informaci\u00f3n Local - Yucat\u00e1n Coast Realty","og_description":"[vc_row full_width=&#8221;stretch_row_content&#8221; equal_height=&#8221;yes&#8221; content_placement=&#8221;middle&#8221; css=&#8221;.vc_custom_1566339199706{padding-bottom: 0px !important;background-image: url(http:\/\/yucatancoastrealty.com\/wp-content\/uploads\/2019\/08\/4.jpg?id=3256) !important;background-position: center !important;background-repeat: no-repeat !important;background-size: cover !important;}&#8221;][vc_column css=&#8221;.vc_custom_1566338825489{padding-bottom: 0px !important;background-color: rgba(0,0,0,0.4) !important;*background-color: rgb(0,0,0) !important;}&#8221;][vc_empty_space height=&#8221;20vh&#8221;][vc_custom_heading source=&#8221;post_title&#8221; font_container=&#8221;tag:h1|text_align:center|color:%23ffffff&#8221; css=&#8221;.vc_custom_1566339181911{margin-bottom: 0px !important;padding-bottom: 0px !important;}&#8221;][vc_raw_html]JTNDbmF2JTIwY2xhc3MlM0QlMjJrdy1icmVhZGNydW1iJTIyJTIwc3R5bGUlM0QlMjJ3aWR0aCUzQSUyMDEwMCUyNSUzQnRleHQtYWxpZ24lM0ElMjBjZW50ZXIlM0IlMjIlM0UlMEElM0NhJTIwaHJlZiUzRCUyMmh0dHAlM0ElMkYlMkZ5dWNhdGFuY29hc3RyZWFsdHkuY29tJTJGJTIyJTIwdGl0bGUlM0QlMjJZdWNhdGFuJTIwQ29hc3QlMjBSZWFsdHklMjIlM0VIb21lJTNDJTJGYSUzRSUyMCUzQ3NwYW4lMjBjbGFzcyUzRCUyMnNlcGFyYXRlJTIyJTNFJTJGJTNDJTJGc3BhbiUzRSUyMCUzQ3NwYW4lMjBjbGFzcyUzRCUyMnRyYWlsLWVuZCUyMiUzRUluZm9ybWFjaSVDMyVCM24lMjBMb2NhbCUzQyUyRnNwYW4lM0UlMDklMDklMDklMDklMDklMDklMDklMDklM0MlMkZuYXYlM0U=[\/vc_raw_html][vc_empty_space [&hellip;]","og_url":"https:\/\/yucatancoastrealty.com\/es\/local-information\/","og_site_name":"Yucat\u00e1n Coast Realty","article_modified_time":"2019-09-04T04:02:05+00:00","og_image":[{"width":1200,"height":831,"url":"https:\/\/yucatancoastrealty.com\/wp-content\/uploads\/2019\/08\/4.jpg","type":"image\/jpeg"}],"twitter_card":"summary_large_image","twitter_misc":{"Tiempo de lectura":"2 minutos"},"schema":{"@context":"https:\/\/schema.org","@graph":[{"@type":"WebPage","@id":"https:\/\/yucatancoastrealty.com\/local-information\/","url":"https:\/\/yucatancoastrealty.com\/local-information\/","name":"Informaci\u00f3n Local - Yucat\u00e1n Coast Realty","isPartOf":{"@id":"https:\/\/yucatancoastrealty.com\/#website"},"primaryImageOfPage":{"@id":"https:\/\/yucatancoastrealty.com\/local-information\/#primaryimage"},"image":{"@id":"https:\/\/yucatancoastrealty.com\/local-information\/#primaryimage"},"thumbnailUrl":"https:\/\/yucatancoastrealty.com\/wp-content\/uploads\/2019\/08\/4.jpg","datePublished":"2019-07-16T05:00:37+00:00","dateModified":"2019-09-04T04:02:05+00:00","breadcrumb":{"@id":"https:\/\/yucatancoastrealty.com\/local-information\/#breadcrumb"},"inLanguage":"es-ES","potentialAction":[{"@type":"ReadAction","target":["https:\/\/yucatancoastrealty.com\/local-information\/"]}]},{"@type":"ImageObject","inLanguage":"es-ES","@id":"https:\/\/yucatancoastrealty.com\/local-information\/#primaryimage","url":"https:\/\/yucatancoastrealty.com\/wp-content\/uploads\/2019\/08\/4.jpg","contentUrl":"https:\/\/yucatancoastrealty.com\/wp-content\/uploads\/2019\/08\/4.jpg","width":1200,"height":831},{"@type":"BreadcrumbList","@id":"https:\/\/yucatancoastrealty.com\/local-information\/#breadcrumb","itemListElement":[{"@type":"ListItem","position":1,"name":"Home","item":"https:\/\/yucatancoastrealty.com\/"},{"@type":"ListItem","position":2,"name":"Local Information"}]},{"@type":"WebSite","@id":"https:\/\/yucatancoastrealty.com\/#website","url":"https:\/\/yucatancoastrealty.com\/","name":"Yucat\u00e1n Coast Realty","description":"El primer paso para conseguir la casa de tus sue\u00f1os.","publisher":{"@id":"https:\/\/yucatancoastrealty.com\/#organization"},"potentialAction":[{"@type":"SearchAction","target":{"@type":"EntryPoint","urlTemplate":"https:\/\/yucatancoastrealty.com\/?s={search_term_string}"},"query-input":{"@type":"PropertyValueSpecification","valueRequired":true,"valueName":"search_term_string"}}],"inLanguage":"es-ES"},{"@type":"Organization","@id":"https:\/\/yucatancoastrealty.com\/#organization","name":"Yucat\u00e1n Coast Realty","url":"https:\/\/yucatancoastrealty.com\/","logo":{"@type":"ImageObject","inLanguage":"es-ES","@id":"https:\/\/yucatancoastrealty.com\/#\/schema\/logo\/image\/","url":"http:\/\/yucatancoastrealty.com\/wp-content\/uploads\/2019\/07\/logo-yucatan-coast.png","contentUrl":"http:\/\/yucatancoastrealty.com\/wp-content\/uploads\/2019\/07\/logo-yucatan-coast.png","width":1846,"height":1337,"caption":"Yucat\u00e1n Coast Realty"},"image":{"@id":"https:\/\/yucatancoastrealty.com\/#\/schema\/logo\/image\/"}}]}},"_links":{"self":[{"href":"https:\/\/yucatancoastrealty.com\/es\/wp-json\/wp\/v2\/pages\/2640","targetHints":{"allow":["GET"]}}],"collection":[{"href":"https:\/\/yucatancoastrealty.com\/es\/wp-json\/wp\/v2\/pages"}],"about":[{"href":"https:\/\/yucatancoastrealty.com\/es\/wp-json\/wp\/v2\/types\/page"}],"author":[{"embeddable":true,"href":"https:\/\/yucatancoastrealty.com\/es\/wp-json\/wp\/v2\/users\/1"}],"replies":[{"embeddable":true,"href":"https:\/\/yucatancoastrealty.com\/es\/wp-json\/wp\/v2\/comments?post=2640"}],"version-history":[{"count":18,"href":"https:\/\/yucatancoastrealty.com\/es\/wp-json\/wp\/v2\/pages\/2640\/revisions"}],"predecessor-version":[{"id":3318,"href":"https:\/\/yucatancoastrealty.com\/es\/wp-json\/wp\/v2\/pages\/2640\/revisions\/3318"}],"wp:featuredmedia":[{"embeddable":true,"href":"https:\/\/yucatancoastrealty.com\/es\/wp-json\/wp\/v2\/media\/3256"}],"wp:attachment":[{"href":"https:\/\/yucatancoastrealty.com\/es\/wp-json\/wp\/v2\/media?parent=2640"}],"curies":[{"name":"wp","href":"https:\/\/api.w.org\/{rel}","templated":true}]}}