{"id":2647,"date":"2019-07-16T05:09:05","date_gmt":"2019-07-16T05:09:05","guid":{"rendered":"http:\/\/yucatancoastrealty.com\/?page_id=2647"},"modified":"2019-09-05T15:23:00","modified_gmt":"2019-09-05T20:23:00","slug":"buy","status":"publish","type":"page","link":"https:\/\/yucatancoastrealty.com\/es\/buy\/","title":{"rendered":"Comprar"},"content":{"rendered":"<p>[vc_row full_width=&#8221;stretch_row_content&#8221; equal_height=&#8221;yes&#8221; content_placement=&#8221;middle&#8221; css=&#8221;.vc_custom_1566338507698{padding-bottom: 0px !important;background-image: url(http:\/\/yucatancoastrealty.com\/wp-content\/uploads\/2019\/08\/IMG_7541.jpg?id=3238) !important;background-position: center !important;background-repeat: no-repeat !important;background-size: cover !important;}&#8221;][vc_column css=&#8221;.vc_custom_1566338825489{padding-bottom: 0px !important;background-color: rgba(0,0,0,0.4) !important;*background-color: rgb(0,0,0) !important;}&#8221;][vc_empty_space height=&#8221;20vh&#8221;][vc_custom_heading source=&#8221;post_title&#8221; font_container=&#8221;tag:h1|text_align:center|color:%23ffffff&#8221; css=&#8221;.vc_custom_1566338574181{margin-bottom: 0px !important;padding-bottom: 0px !important;}&#8221;][vc_raw_html]JTNDbmF2JTIwY2xhc3MlM0QlMjJrdy1icmVhZGNydW1iJTIyJTIwc3R5bGUlM0QlMjJ3aWR0aCUzQSUyMDEwMCUyNSUzQnRleHQtYWxpZ24lM0ElMjBjZW50ZXIlM0IlMjIlM0UlMEElM0NhJTIwaHJlZiUzRCUyMmh0dHAlM0ElMkYlMkZ5dWNhdGFuY29hc3RyZWFsdHkuY29tJTJGJTIyJTIwdGl0bGUlM0QlMjJZdWNhdGFuJTIwQ29hc3QlMjBSZWFsdHklMjIlM0VIb21lJTNDJTJGYSUzRSUyMCUzQ3NwYW4lMjBjbGFzcyUzRCUyMnNlcGFyYXRlJTIyJTNFJTJGJTNDJTJGc3BhbiUzRSUyMCUzQ3NwYW4lMjBjbGFzcyUzRCUyMnRyYWlsLWVuZCUyMiUzRUNvbXByYXIlM0MlMkZzcGFuJTNFJTA5JTA5JTA5JTA5JTA5JTA5JTA5JTA5JTNDJTJGbmF2JTNF[\/vc_raw_html][vc_empty_space height=&#8221;20vh&#8221;][\/vc_column][\/vc_row][vc_row][vc_column][vc_column_text el_class=&#8221;text-justify&#8221;]<span style=\"color: #333333;\">Los extranjeros est\u00e1n legalmente autorizados a poseer propiedades en M\u00e9xico.<\/span><\/p>\n<p>A diferencia de otros pa\u00edses, M\u00e9xico tiene un r\u00e9gimen legal especial para los extranjeros que desean adquirir un inmueble en la playa o en la frontera nacional.<\/p>\n<p>Nosotros te damos todos los detalles que debes conocer en materia legal para que compres de forma segura un departamento, una casa, terreno o incluso, un local comercial.<\/p>\n<p>Si la propiedad est\u00e1 ubicada en una franja de 100 km a lo largo de la frontera y 50 km en las playas, es necesario constituir un fideicomiso que, en todos los casos, se llevar\u00e1 a cabo en escritura p\u00fablica. Generalmente, el notario p\u00fablico coordina esta operaci\u00f3n con la instituci\u00f3n fiduciaria.<\/p>\n<p>Se crea un contrato de fideicomiso para beneficio del Comprador extranjero. El banco tiene una obligaci\u00f3n fiduciaria con el propietario. El propietario se reserva todos los beneficios de propiedad y tiene el derecho legal para arrendar la propiedad, vender la propiedad, y\/o a heredar la propiedad a los suyos.<\/p>\n<p>El fideicomiso tiene la ventaja que contempla una cl\u00e1usula con fines hereditarios. En caso de fallecimiento del titular, no ser\u00e1 necesario llevar a cabo ning\u00fan tipo de juicio dilatorio que, en la mayor\u00eda de los casos es costoso. Autom\u00e1ticamente, y mediante una escritura p\u00fablica, la titularidad de estos derechos se transmitir\u00e1 a favor de los beneficiarios que se designaron en su momento.<\/p>\n<p>Los fideicomisos son documentos validos por 50 a\u00f1os actualmente. Pueden ser renovados al finalizar este plazo de 50 a\u00f1os por otros 50 a\u00f1os adicionales. No existe l\u00edmite al n\u00famero de veces que el fideicomiso puede ser renovado.<\/p>\n<p>El fideicomiso se puede extinguir (cancelar) en el momento que as\u00ed lo decida su titular, ya sea porque adquiri\u00f3 la nacionalidad mexicana o simplemente porque decide vender el inmueble.<\/p>\n<p>Los extranjeros tambi\u00e9n puede poseer propiedades como accionista de una Empresa Mexicana de Propiedad Extranjera. Nuestro abogado Mexicano le puede ayudar a crear y establecer una Compa\u00f1\u00eda Mexicana y registrarla legalmente ante varias entidades gubernamentales. La Empresa Mexicana de Propiedad Extranjera deber\u00e1 reportar ingresos y actividades mensualmente a trav\u00e9s de un contador certificado y calificado.<\/p>\n<p>La Compa\u00f1\u00eda sociedad exige un m\u00ednimo de 2 (dos) accionistas individuales vivos. Dichos accionistas deber\u00e1n tener al menos 18 a\u00f1os de edad. El oficial principal de la corporaci\u00f3n est\u00e1 obligado a tener una Visa FM-3. Usted mismo puede solicitar su Visa en las oficinas Mexicanas de Migraci\u00f3n, lo m\u00e1s recomendable es contratar un abogado para manejar el proceso por usted, ya que este tr\u00e1mite puede requerir esperar varias visitas de regreso y la mayor\u00eda de los dependientes no hablan Ingl\u00e9s.<\/p>\n<p>El costo actual de establecer un fideicomiso es de aproximadamente $ 3,500 &#8211; 5,000 USD, y la cuota anual que se cobra despu\u00e9s del segundo a\u00f1o es actualmente alrededor de $ 600 a 1.000 d\u00f3lares. Esto cubre el costo del permiso fideicomiso gobierno, honorarios de apertura del banco y el pago de un a\u00f1o. Los cargos pueden variar de un banco a otro, y la tasa anual de mantenimiento depende del valor de la propiedad.<\/p>\n<p>Los costos de formar una corporaci\u00f3n var\u00edan de $ 1,800 a $ 3,500 USD. Usted puede ser due\u00f1o de una propiedad m\u00e1s grande de 2000 metros con una FOMC. El gobierno mexicano actualmente requiere impuestos mensuales, as\u00ed planee pagar a un contador mexicano cerca de $ 50 a $ 100 USD al mes. Tambi\u00e9n es importante que los principales funcionarios de la corporaci\u00f3n soliciten y obtengan una visa de trabajo del Departamento de Inmigraci\u00f3n. Recomendamos la asistencia legal.<\/p>\n<p>Para todo ello contamos con un despacho de abogados que te brindar\u00e1n sus servicios profesionales de calidad<\/p>\n<p>Hist\u00f3ricamente, en M\u00e9xico, las propiedades han sido pagados en efectivo.<\/p>\n<p>Recientemente, algunos bancos y otros prestamistas de Estados Unidos han empezado a ofrecer financiaci\u00f3n a los estadounidenses y canadienses. La casa que se compra en M\u00e9xico es la garant\u00eda para el pr\u00e9stamo. Si usted est\u00e1 pensando en comprar su casa en la pen\u00ednsula de Yucat\u00e1n mediante una hipoteca, usted debe obtener una aprobaci\u00f3n previa antes de buscar casa.<\/p>\n<p>Por favor, comprenda que es extremadamente dif\u00edcil obtener financiamiento y que el procedimiento es largo y muy tardado y el resultado no es seguro.<\/p>\n<p>En M\u00e9xico, es costumbre que el abogado de bienes ra\u00edces prepare un contrato (Promesa de Venta) que est\u00e1 firmado por usted y el vendedor, detallando los detalles de la transacci\u00f3n. Esto se hace despu\u00e9s de la b\u00fasqueda de t\u00edtulo, y luego de comprobar que no existen grav\u00e1menes existentes u otros problemas con el titulo. El dep\u00f3sito o escrow, es del 10% del precio de compra es entonces pagado directamente al vendedor para asegurar la beca venta. En caso de que por defecto, por cualquier motivo, tienen que devolver el dinero adem\u00e1s de que tendr\u00e1n que pagar la cuota o sanci\u00f3n en su caso. La legislaci\u00f3n mexicana protege bajo este acuerdo jur\u00eddicamente vinculante.<\/p>\n<p>Si no va a estar en M\u00e9xico para el cierre, usted no se preocupe nosotros podemos representarlo o cualquier persona de su elecci\u00f3n, con un poder limitado, especialmente para esta transacci\u00f3n.<\/p>\n<p>En M\u00e9xico la mayor parte de los costos de cierre son pagados por el comprador, incluyendo el costo de formar su fideicomiso o corporaci\u00f3n. Estos costos son el valor de la propiedad que puede ser m\u00e1s bajo que el precio de venta real. Hay un 2% &#8211; 3% de impuesto a la transferencia, m\u00e1s los honorarios del abogado que generalmente alcanzan del 2% &#8211; 3% del valor de tasaci\u00f3n de la propiedad.<\/p>\n<p>Comisiones de bienes ra\u00edces son generalmente pagadas por el vendedor, a menos que haya retenido y elegido nosotros como el Corredor del Comprador. Las comisiones son el 6% del precio de venta.<\/p>\n<p>El tiempo para formar una corporaci\u00f3n es generalmente varias semanas. La formaci\u00f3n de un fideicomiso puede tardar 30 d\u00edas o m\u00e1s, ya que se debe obtener un permiso. Si la propiedad ya est\u00e1 en un fideicomiso bancario existente, lo que acelerar\u00e1 el proceso y va a costar un poco menos de alrededor de $ 2.500 a sustituir su nombre en los documentos del Banco, m\u00e1s los costos de cierre. Sin embargo en el caso de las propiedades hist\u00f3ricas, puede tomar mucho tiempo para cerrar, ya que los documentos son muy viejas y el t\u00edtulo no han sido transferidos o que pueden haber sido un largo tiempo en el medio, y pueden haber inconsistencias que deben ser subsanadas antes de depositar la obtenci\u00f3n de un permiso. Si hay una herencia que est\u00e1 involucrado, los tribunales se mueven muy lentamente en M\u00e9xico, y no se pod\u00eda predecir cu\u00e1nto tiempo puede tomar para cerrar.<\/p>\n<p>Al igual que en cualquier operaci\u00f3n de compraventa de un bien inmueble, los impuestos, gastos y honorarios notariales depender\u00e1n de diversos elementos, como el valor de la operaci\u00f3n o el valor catastral.[\/vc_column_text][\/vc_column][\/vc_row]<\/p>\n","protected":false},"excerpt":{"rendered":"<p>[vc_row full_width=&#8221;stretch_row_content&#8221; equal_height=&#8221;yes&#8221; content_placement=&#8221;middle&#8221; css=&#8221;.vc_custom_1566338507698{padding-bottom: 0px !important;background-image: url(http:\/\/yucatancoastrealty.com\/wp-content\/uploads\/2019\/08\/IMG_7541.jpg?id=3238) !important;background-position: center !important;background-repeat: no-repeat !important;background-size: cover !important;}&#8221;][vc_column css=&#8221;.vc_custom_1566338825489{padding-bottom: 0px !important;background-color: rgba(0,0,0,0.4) !important;*background-color: rgb(0,0,0) !important;}&#8221;][vc_empty_space height=&#8221;20vh&#8221;][vc_custom_heading source=&#8221;post_title&#8221; font_container=&#8221;tag:h1|text_align:center|color:%23ffffff&#8221; css=&#8221;.vc_custom_1566338574181{margin-bottom: 0px !important;padding-bottom: 0px !important;}&#8221;][vc_raw_html]JTNDbmF2JTIwY2xhc3MlM0QlMjJrdy1icmVhZGNydW1iJTIyJTIwc3R5bGUlM0QlMjJ3aWR0aCUzQSUyMDEwMCUyNSUzQnRleHQtYWxpZ24lM0ElMjBjZW50ZXIlM0IlMjIlM0UlMEElM0NhJTIwaHJlZiUzRCUyMmh0dHAlM0ElMkYlMkZ5dWNhdGFuY29hc3RyZWFsdHkuY29tJTJGJTIyJTIwdGl0bGUlM0QlMjJZdWNhdGFuJTIwQ29hc3QlMjBSZWFsdHklMjIlM0VIb21lJTNDJTJGYSUzRSUyMCUzQ3NwYW4lMjBjbGFzcyUzRCUyMnNlcGFyYXRlJTIyJTNFJTJGJTNDJTJGc3BhbiUzRSUyMCUzQ3NwYW4lMjBjbGFzcyUzRCUyMnRyYWlsLWVuZCUyMiUzRUNvbXByYXIlM0MlMkZzcGFuJTNFJTA5JTA5JTA5JTA5JTA5JTA5JTA5JTA5JTNDJTJGbmF2JTNF[\/vc_raw_html][vc_empty_space [&hellip;]<\/p>\n","protected":false},"author":1,"featured_media":3238,"parent":0,"menu_order":0,"comment_status":"closed","ping_status":"closed","template":"","meta":{"inline_featured_image":false,"footnotes":""},"class_list":["post-2647","page","type-page","status-publish","has-post-thumbnail","hentry"],"yoast_head":"<!-- This site is optimized with the Yoast SEO plugin v25.4 - https:\/\/yoast.com\/wordpress\/plugins\/seo\/ -->\n<title>Comprar - Yucat\u00e1n Coast Realty<\/title>\n<meta name=\"robots\" content=\"index, follow, max-snippet:-1, max-image-preview:large, max-video-preview:-1\" \/>\n<link rel=\"canonical\" href=\"https:\/\/yucatancoastrealty.com\/es\/buy\/\" \/>\n<meta property=\"og:locale\" content=\"es_ES\" \/>\n<meta property=\"og:locale:alternate\" content=\"en_US\" \/>\n<meta property=\"og:type\" content=\"article\" \/>\n<meta property=\"og:title\" content=\"Comprar - Yucat\u00e1n Coast Realty\" \/>\n<meta property=\"og:description\" content=\"[vc_row full_width=&#8221;stretch_row_content&#8221; equal_height=&#8221;yes&#8221; content_placement=&#8221;middle&#8221; css=&#8221;.vc_custom_1566338507698{padding-bottom: 0px !important;background-image: url(http:\/\/yucatancoastrealty.com\/wp-content\/uploads\/2019\/08\/IMG_7541.jpg?id=3238) !important;background-position: center !important;background-repeat: no-repeat !important;background-size: cover !important;}&#8221;][vc_column css=&#8221;.vc_custom_1566338825489{padding-bottom: 0px !important;background-color: rgba(0,0,0,0.4) !important;*background-color: rgb(0,0,0) !important;}&#8221;][vc_empty_space height=&#8221;20vh&#8221;][vc_custom_heading source=&#8221;post_title&#8221; font_container=&#8221;tag:h1|text_align:center|color:%23ffffff&#8221; css=&#8221;.vc_custom_1566338574181{margin-bottom: 0px !important;padding-bottom: 0px !important;}&#8221;][vc_raw_html]JTNDbmF2JTIwY2xhc3MlM0QlMjJrdy1icmVhZGNydW1iJTIyJTIwc3R5bGUlM0QlMjJ3aWR0aCUzQSUyMDEwMCUyNSUzQnRleHQtYWxpZ24lM0ElMjBjZW50ZXIlM0IlMjIlM0UlMEElM0NhJTIwaHJlZiUzRCUyMmh0dHAlM0ElMkYlMkZ5dWNhdGFuY29hc3RyZWFsdHkuY29tJTJGJTIyJTIwdGl0bGUlM0QlMjJZdWNhdGFuJTIwQ29hc3QlMjBSZWFsdHklMjIlM0VIb21lJTNDJTJGYSUzRSUyMCUzQ3NwYW4lMjBjbGFzcyUzRCUyMnNlcGFyYXRlJTIyJTNFJTJGJTNDJTJGc3BhbiUzRSUyMCUzQ3NwYW4lMjBjbGFzcyUzRCUyMnRyYWlsLWVuZCUyMiUzRUNvbXByYXIlM0MlMkZzcGFuJTNFJTA5JTA5JTA5JTA5JTA5JTA5JTA5JTA5JTNDJTJGbmF2JTNF[\/vc_raw_html][vc_empty_space [&hellip;]\" \/>\n<meta property=\"og:url\" content=\"https:\/\/yucatancoastrealty.com\/es\/buy\/\" \/>\n<meta property=\"og:site_name\" content=\"Yucat\u00e1n Coast Realty\" \/>\n<meta property=\"article:modified_time\" content=\"2019-09-05T20:23:00+00:00\" \/>\n<meta property=\"og:image\" content=\"https:\/\/yucatancoastrealty.com\/wp-content\/uploads\/2019\/08\/IMG_7541.jpg\" \/>\n\t<meta property=\"og:image:width\" content=\"480\" \/>\n\t<meta property=\"og:image:height\" content=\"360\" \/>\n\t<meta property=\"og:image:type\" content=\"image\/jpeg\" \/>\n<meta name=\"twitter:card\" content=\"summary_large_image\" \/>\n<meta name=\"twitter:label1\" content=\"Tiempo de lectura\" \/>\n\t<meta name=\"twitter:data1\" content=\"7 minutos\" \/>\n<script type=\"application\/ld+json\" class=\"yoast-schema-graph\">{\"@context\":\"https:\/\/schema.org\",\"@graph\":[{\"@type\":\"WebPage\",\"@id\":\"https:\/\/yucatancoastrealty.com\/buy\/\",\"url\":\"https:\/\/yucatancoastrealty.com\/buy\/\",\"name\":\"Comprar - Yucat\u00e1n Coast Realty\",\"isPartOf\":{\"@id\":\"https:\/\/yucatancoastrealty.com\/#website\"},\"primaryImageOfPage\":{\"@id\":\"https:\/\/yucatancoastrealty.com\/buy\/#primaryimage\"},\"image\":{\"@id\":\"https:\/\/yucatancoastrealty.com\/buy\/#primaryimage\"},\"thumbnailUrl\":\"https:\/\/yucatancoastrealty.com\/wp-content\/uploads\/2019\/08\/IMG_7541.jpg\",\"datePublished\":\"2019-07-16T05:09:05+00:00\",\"dateModified\":\"2019-09-05T20:23:00+00:00\",\"breadcrumb\":{\"@id\":\"https:\/\/yucatancoastrealty.com\/buy\/#breadcrumb\"},\"inLanguage\":\"es-ES\",\"potentialAction\":[{\"@type\":\"ReadAction\",\"target\":[\"https:\/\/yucatancoastrealty.com\/buy\/\"]}]},{\"@type\":\"ImageObject\",\"inLanguage\":\"es-ES\",\"@id\":\"https:\/\/yucatancoastrealty.com\/buy\/#primaryimage\",\"url\":\"https:\/\/yucatancoastrealty.com\/wp-content\/uploads\/2019\/08\/IMG_7541.jpg\",\"contentUrl\":\"https:\/\/yucatancoastrealty.com\/wp-content\/uploads\/2019\/08\/IMG_7541.jpg\",\"width\":480,\"height\":360},{\"@type\":\"BreadcrumbList\",\"@id\":\"https:\/\/yucatancoastrealty.com\/buy\/#breadcrumb\",\"itemListElement\":[{\"@type\":\"ListItem\",\"position\":1,\"name\":\"Home\",\"item\":\"https:\/\/yucatancoastrealty.com\/\"},{\"@type\":\"ListItem\",\"position\":2,\"name\":\"Buy\"}]},{\"@type\":\"WebSite\",\"@id\":\"https:\/\/yucatancoastrealty.com\/#website\",\"url\":\"https:\/\/yucatancoastrealty.com\/\",\"name\":\"Yucat\u00e1n Coast Realty\",\"description\":\"El primer paso para conseguir la casa de tus sue\u00f1os.\",\"publisher\":{\"@id\":\"https:\/\/yucatancoastrealty.com\/#organization\"},\"potentialAction\":[{\"@type\":\"SearchAction\",\"target\":{\"@type\":\"EntryPoint\",\"urlTemplate\":\"https:\/\/yucatancoastrealty.com\/?s={search_term_string}\"},\"query-input\":{\"@type\":\"PropertyValueSpecification\",\"valueRequired\":true,\"valueName\":\"search_term_string\"}}],\"inLanguage\":\"es-ES\"},{\"@type\":\"Organization\",\"@id\":\"https:\/\/yucatancoastrealty.com\/#organization\",\"name\":\"Yucat\u00e1n Coast Realty\",\"url\":\"https:\/\/yucatancoastrealty.com\/\",\"logo\":{\"@type\":\"ImageObject\",\"inLanguage\":\"es-ES\",\"@id\":\"https:\/\/yucatancoastrealty.com\/#\/schema\/logo\/image\/\",\"url\":\"http:\/\/yucatancoastrealty.com\/wp-content\/uploads\/2019\/07\/logo-yucatan-coast.png\",\"contentUrl\":\"http:\/\/yucatancoastrealty.com\/wp-content\/uploads\/2019\/07\/logo-yucatan-coast.png\",\"width\":1846,\"height\":1337,\"caption\":\"Yucat\u00e1n Coast Realty\"},\"image\":{\"@id\":\"https:\/\/yucatancoastrealty.com\/#\/schema\/logo\/image\/\"}}]}<\/script>\n<!-- \/ Yoast SEO plugin. -->","yoast_head_json":{"title":"Comprar - Yucat\u00e1n Coast Realty","robots":{"index":"index","follow":"follow","max-snippet":"max-snippet:-1","max-image-preview":"max-image-preview:large","max-video-preview":"max-video-preview:-1"},"canonical":"https:\/\/yucatancoastrealty.com\/es\/buy\/","og_locale":"es_ES","og_type":"article","og_title":"Comprar - Yucat\u00e1n Coast Realty","og_description":"[vc_row full_width=&#8221;stretch_row_content&#8221; equal_height=&#8221;yes&#8221; content_placement=&#8221;middle&#8221; css=&#8221;.vc_custom_1566338507698{padding-bottom: 0px !important;background-image: url(http:\/\/yucatancoastrealty.com\/wp-content\/uploads\/2019\/08\/IMG_7541.jpg?id=3238) !important;background-position: center !important;background-repeat: no-repeat !important;background-size: cover !important;}&#8221;][vc_column css=&#8221;.vc_custom_1566338825489{padding-bottom: 0px !important;background-color: rgba(0,0,0,0.4) !important;*background-color: rgb(0,0,0) !important;}&#8221;][vc_empty_space height=&#8221;20vh&#8221;][vc_custom_heading source=&#8221;post_title&#8221; font_container=&#8221;tag:h1|text_align:center|color:%23ffffff&#8221; css=&#8221;.vc_custom_1566338574181{margin-bottom: 0px !important;padding-bottom: 0px !important;}&#8221;][vc_raw_html]JTNDbmF2JTIwY2xhc3MlM0QlMjJrdy1icmVhZGNydW1iJTIyJTIwc3R5bGUlM0QlMjJ3aWR0aCUzQSUyMDEwMCUyNSUzQnRleHQtYWxpZ24lM0ElMjBjZW50ZXIlM0IlMjIlM0UlMEElM0NhJTIwaHJlZiUzRCUyMmh0dHAlM0ElMkYlMkZ5dWNhdGFuY29hc3RyZWFsdHkuY29tJTJGJTIyJTIwdGl0bGUlM0QlMjJZdWNhdGFuJTIwQ29hc3QlMjBSZWFsdHklMjIlM0VIb21lJTNDJTJGYSUzRSUyMCUzQ3NwYW4lMjBjbGFzcyUzRCUyMnNlcGFyYXRlJTIyJTNFJTJGJTNDJTJGc3BhbiUzRSUyMCUzQ3NwYW4lMjBjbGFzcyUzRCUyMnRyYWlsLWVuZCUyMiUzRUNvbXByYXIlM0MlMkZzcGFuJTNFJTA5JTA5JTA5JTA5JTA5JTA5JTA5JTA5JTNDJTJGbmF2JTNF[\/vc_raw_html][vc_empty_space [&hellip;]","og_url":"https:\/\/yucatancoastrealty.com\/es\/buy\/","og_site_name":"Yucat\u00e1n Coast Realty","article_modified_time":"2019-09-05T20:23:00+00:00","og_image":[{"width":480,"height":360,"url":"https:\/\/yucatancoastrealty.com\/wp-content\/uploads\/2019\/08\/IMG_7541.jpg","type":"image\/jpeg"}],"twitter_card":"summary_large_image","twitter_misc":{"Tiempo de lectura":"7 minutos"},"schema":{"@context":"https:\/\/schema.org","@graph":[{"@type":"WebPage","@id":"https:\/\/yucatancoastrealty.com\/buy\/","url":"https:\/\/yucatancoastrealty.com\/buy\/","name":"Comprar - Yucat\u00e1n Coast Realty","isPartOf":{"@id":"https:\/\/yucatancoastrealty.com\/#website"},"primaryImageOfPage":{"@id":"https:\/\/yucatancoastrealty.com\/buy\/#primaryimage"},"image":{"@id":"https:\/\/yucatancoastrealty.com\/buy\/#primaryimage"},"thumbnailUrl":"https:\/\/yucatancoastrealty.com\/wp-content\/uploads\/2019\/08\/IMG_7541.jpg","datePublished":"2019-07-16T05:09:05+00:00","dateModified":"2019-09-05T20:23:00+00:00","breadcrumb":{"@id":"https:\/\/yucatancoastrealty.com\/buy\/#breadcrumb"},"inLanguage":"es-ES","potentialAction":[{"@type":"ReadAction","target":["https:\/\/yucatancoastrealty.com\/buy\/"]}]},{"@type":"ImageObject","inLanguage":"es-ES","@id":"https:\/\/yucatancoastrealty.com\/buy\/#primaryimage","url":"https:\/\/yucatancoastrealty.com\/wp-content\/uploads\/2019\/08\/IMG_7541.jpg","contentUrl":"https:\/\/yucatancoastrealty.com\/wp-content\/uploads\/2019\/08\/IMG_7541.jpg","width":480,"height":360},{"@type":"BreadcrumbList","@id":"https:\/\/yucatancoastrealty.com\/buy\/#breadcrumb","itemListElement":[{"@type":"ListItem","position":1,"name":"Home","item":"https:\/\/yucatancoastrealty.com\/"},{"@type":"ListItem","position":2,"name":"Buy"}]},{"@type":"WebSite","@id":"https:\/\/yucatancoastrealty.com\/#website","url":"https:\/\/yucatancoastrealty.com\/","name":"Yucat\u00e1n Coast Realty","description":"El primer paso para conseguir la casa de tus sue\u00f1os.","publisher":{"@id":"https:\/\/yucatancoastrealty.com\/#organization"},"potentialAction":[{"@type":"SearchAction","target":{"@type":"EntryPoint","urlTemplate":"https:\/\/yucatancoastrealty.com\/?s={search_term_string}"},"query-input":{"@type":"PropertyValueSpecification","valueRequired":true,"valueName":"search_term_string"}}],"inLanguage":"es-ES"},{"@type":"Organization","@id":"https:\/\/yucatancoastrealty.com\/#organization","name":"Yucat\u00e1n Coast Realty","url":"https:\/\/yucatancoastrealty.com\/","logo":{"@type":"ImageObject","inLanguage":"es-ES","@id":"https:\/\/yucatancoastrealty.com\/#\/schema\/logo\/image\/","url":"http:\/\/yucatancoastrealty.com\/wp-content\/uploads\/2019\/07\/logo-yucatan-coast.png","contentUrl":"http:\/\/yucatancoastrealty.com\/wp-content\/uploads\/2019\/07\/logo-yucatan-coast.png","width":1846,"height":1337,"caption":"Yucat\u00e1n Coast Realty"},"image":{"@id":"https:\/\/yucatancoastrealty.com\/#\/schema\/logo\/image\/"}}]}},"_links":{"self":[{"href":"https:\/\/yucatancoastrealty.com\/es\/wp-json\/wp\/v2\/pages\/2647","targetHints":{"allow":["GET"]}}],"collection":[{"href":"https:\/\/yucatancoastrealty.com\/es\/wp-json\/wp\/v2\/pages"}],"about":[{"href":"https:\/\/yucatancoastrealty.com\/es\/wp-json\/wp\/v2\/types\/page"}],"author":[{"embeddable":true,"href":"https:\/\/yucatancoastrealty.com\/es\/wp-json\/wp\/v2\/users\/1"}],"replies":[{"embeddable":true,"href":"https:\/\/yucatancoastrealty.com\/es\/wp-json\/wp\/v2\/comments?post=2647"}],"version-history":[{"count":19,"href":"https:\/\/yucatancoastrealty.com\/es\/wp-json\/wp\/v2\/pages\/2647\/revisions"}],"predecessor-version":[{"id":3423,"href":"https:\/\/yucatancoastrealty.com\/es\/wp-json\/wp\/v2\/pages\/2647\/revisions\/3423"}],"wp:featuredmedia":[{"embeddable":true,"href":"https:\/\/yucatancoastrealty.com\/es\/wp-json\/wp\/v2\/media\/3238"}],"wp:attachment":[{"href":"https:\/\/yucatancoastrealty.com\/es\/wp-json\/wp\/v2\/media?parent=2647"}],"curies":[{"name":"wp","href":"https:\/\/api.w.org\/{rel}","templated":true}]}}