{"id":2650,"date":"2019-07-16T05:10:13","date_gmt":"2019-07-16T05:10:13","guid":{"rendered":"http:\/\/yucatancoastrealty.com\/?page_id=2650"},"modified":"2019-09-30T01:06:55","modified_gmt":"2019-09-30T06:06:55","slug":"sell","status":"publish","type":"page","link":"https:\/\/yucatancoastrealty.com\/es\/sell\/","title":{"rendered":"Vender"},"content":{"rendered":"<p>[vc_row full_width=&#8221;stretch_row_content&#8221; equal_height=&#8221;yes&#8221; content_placement=&#8221;middle&#8221; css=&#8221;.vc_custom_1569823589654{padding-bottom: 0px !important;background-image: url(http:\/\/yucatancoastrealty.com\/wp-content\/uploads\/2019\/09\/IMG_6301.jpg?id=3797) !important;background-position: center !important;background-repeat: no-repeat !important;background-size: cover !important;}&#8221;][vc_column css=&#8221;.vc_custom_1566338825489{padding-bottom: 0px !important;background-color: rgba(0,0,0,0.4) !important;*background-color: rgb(0,0,0) !important;}&#8221;][vc_empty_space height=&#8221;20vh&#8221;][vc_custom_heading source=&#8221;post_title&#8221; font_container=&#8221;tag:h1|text_align:center|color:%23ffffff&#8221; css=&#8221;.vc_custom_1566338574181{margin-bottom: 0px !important;padding-bottom: 0px !important;}&#8221;][vc_raw_html]JTNDbmF2JTIwY2xhc3MlM0QlMjJrdy1icmVhZGNydW1iJTIyJTIwc3R5bGUlM0QlMjJ3aWR0aCUzQSUyMDEwMCUyNSUzQnRleHQtYWxpZ24lM0ElMjBjZW50ZXIlM0IlMjIlM0UlMEElM0NhJTIwaHJlZiUzRCUyMmh0dHAlM0ElMkYlMkZ5dWNhdGFuY29hc3RyZWFsdHkuY29tJTJGJTIyJTIwdGl0bGUlM0QlMjJZdWNhdGFuJTIwQ29hc3QlMjBSZWFsdHklMjIlM0VIb21lJTNDJTJGYSUzRSUyMCUzQ3NwYW4lMjBjbGFzcyUzRCUyMnNlcGFyYXRlJTIyJTNFJTJGJTNDJTJGc3BhbiUzRSUyMCUzQ3NwYW4lMjBjbGFzcyUzRCUyMnRyYWlsLWVuZCUyMiUzRVZlbmRlciUzQyUyRnNwYW4lM0UlMDklMDklMDklMDklMDklMDklMDklMDklM0MlMkZuYXYlM0U=[\/vc_raw_html][vc_empty_space height=&#8221;20vh&#8221;][\/vc_column][\/vc_row][vc_row gap=&#8221;10&#8243;][vc_column width=&#8221;1\/2&#8243;][vc_column_text el_class=&#8221;text-justify&#8221;]<\/p>\n<h2><span style=\"color: #333333;\">\u00bfEst\u00e1s pensando en vender?<\/span><\/h2>\n<p>\u00a1No lo pienses m\u00e1s y cont\u00e1ctanos!<\/p>\n<p>Estamos dedicados a ayudar a nuestros vendedores a conectarse con los compradores perfectos.<\/p>\n<p>Estamos dedicados a encontrar los canales m\u00e1s efectivos para comercializar las propiedades de nuestros vendedores al mayor n\u00famero de compradores interesados.<\/p>\n<p>Nuestro objetivo es el mismo que el tuyo: \u00a1una venta r\u00e1pida y un cierre directo sin sorpresas!<\/p>\n<p>Nos comprometemos a brindarle nuestro asesoramiento y ayuda profesional.<\/p>\n<p>Evaluaremos, fotografiaremos y comercializaremos su propiedad de forma gratuita proporcion\u00e1ndole las mejores herramientas para una venta r\u00e1pida.<\/p>\n<p>Trabajamos con los mejores notarios de M\u00e9rida, quienes estar\u00e1n encantados de asesorarlo sobre las obligaciones fiscales y otros procedimientos que puedan surgir de su venta, trabajar\u00e1n con nosotros constantemente durante todo el proceso de venta.<\/p>\n<p>Los listados reciben promoci\u00f3n adicional en un mercado muy selecto en los Estados Unidos, Canad\u00e1 y Europa.<\/p>\n<p>Tenemos promotores en diferentes partes de Canad\u00e1, EE. UU.\u00a0 y Europa<\/p>\n<p>Contamos con un equipo profesional de agentes para ayudarlo.<\/p>\n<p>No solo ayudamos a nuestros Compradores a encontrar la propiedad perfecta, tambi\u00e9n los ayudamos con la transici\u00f3n de mudarse, adaptarse y disfrutar de un estilo de vida exitoso en Yucat\u00e1n.<\/p>\n<p>Uno de nuestros objetivos es formar relaciones s\u00f3lidas y honestas con nuestros clientes.<\/p>\n<p>Nuestra actitud hacia nuestros clientes se basa en la honestidad, integridad y transparencia.<\/p>\n<p>Manejaremos su transacci\u00f3n de manera competente, profesional y con discreci\u00f3n.<\/p>\n<p>Solicite una cita para evaluar sus necesidades de venta o compra aqu\u00ed en Yucat\u00e1n.[\/vc_column_text][\/vc_column][vc_column width=&#8221;1\/2&#8243;][vc_custom_heading text=&#8221;\u00a1Anuncie su propiedad hoy!&#8221;]\n<div class=\"wpcf7 no-js\" id=\"wpcf7-f1814-o1\" lang=\"en-US\" dir=\"ltr\" data-wpcf7-id=\"1814\">\n<div class=\"screen-reader-response\"><p role=\"status\" aria-live=\"polite\" aria-atomic=\"true\"><\/p> <ul><\/ul><\/div>\n<form action=\"\/es\/wp-json\/wp\/v2\/pages\/2650#wpcf7-f1814-o1\" method=\"post\" class=\"wpcf7-form init\" aria-label=\"Contact form\" novalidate=\"novalidate\" data-status=\"init\">\n<fieldset class=\"hidden-fields-container\"><input type=\"hidden\" name=\"_wpcf7\" value=\"1814\" \/><input type=\"hidden\" name=\"_wpcf7_version\" value=\"6.1\" \/><input type=\"hidden\" name=\"_wpcf7_locale\" value=\"en_US\" \/><input type=\"hidden\" name=\"_wpcf7_unit_tag\" value=\"wpcf7-f1814-o1\" \/><input type=\"hidden\" name=\"_wpcf7_container_post\" value=\"0\" \/><input type=\"hidden\" name=\"_wpcf7_posted_data_hash\" value=\"\" \/><input type=\"hidden\" name=\"lang\" value=\"es\" \/>\n<\/fieldset>\n<div class=\"row\">\n\t<div class=\"col-sm-6\">\n\t\t<p><label for=\"name\">Nombre<\/label><span class=\"wpcf7-form-control-wrap\" data-name=\"your-name\"><input size=\"40\" maxlength=\"400\" class=\"wpcf7-form-control wpcf7-text wpcf7-validates-as-required\" id=\"name\" aria-required=\"true\" aria-invalid=\"false\" value=\"\" type=\"text\" name=\"your-name\" \/><\/span>\n\t\t<\/p>\n\t<\/div>\n\t<div class=\"col-sm-6\">\n\t\t<p><label for=\"email\">E-mail<\/label><span class=\"wpcf7-form-control-wrap\" data-name=\"your-email\"><input size=\"40\" maxlength=\"400\" class=\"wpcf7-form-control wpcf7-email wpcf7-validates-as-required wpcf7-text wpcf7-validates-as-email\" id=\"email\" aria-required=\"true\" aria-invalid=\"false\" value=\"\" type=\"email\" name=\"your-email\" \/><\/span>\n\t\t<\/p>\n\t<\/div>\n<\/div>\n<div class=\"row\">\n\t<div class=\"col-xs-12\">\n\t\t<p><label for=\"subject\">Asunto<\/label><span class=\"wpcf7-form-control-wrap\" data-name=\"your-subject\"><input size=\"40\" maxlength=\"400\" class=\"wpcf7-form-control wpcf7-text\" id=\"subject\" aria-invalid=\"false\" value=\"\" type=\"text\" name=\"your-subject\" \/><\/span>\n\t\t<\/p>\n\t<\/div>\n<\/div>\n<div class=\"row\">\n\t<div class=\"col-xs-12\">\n\t\t<p><label for=\"message\">Mensaje<\/label><span class=\"wpcf7-form-control-wrap\" data-name=\"your-message\"><textarea cols=\"40\" rows=\"10\" maxlength=\"2000\" class=\"wpcf7-form-control wpcf7-textarea wpcf7-validates-as-required\" id=\"message\" aria-required=\"true\" aria-invalid=\"false\" name=\"your-message\"><\/textarea><\/span>\n\t\t<\/p>\n\t<\/div>\n<\/div>\n<div class=\"row\">\n\t<div class=\"col-xs-12\">\n\t\t<p><input class=\"wpcf7-form-control wpcf7-submit has-spinner\" type=\"submit\" value=\"Enviar\" \/>\n\t\t<\/p>\n\t<\/div>\n<\/div><div class=\"wpcf7-response-output\" aria-hidden=\"true\"><\/div>\n<\/form>\n<\/div>\n[\/vc_column][\/vc_row]<\/p>\n","protected":false},"excerpt":{"rendered":"<p>[vc_row full_width=&#8221;stretch_row_content&#8221; equal_height=&#8221;yes&#8221; content_placement=&#8221;middle&#8221; css=&#8221;.vc_custom_1569823589654{padding-bottom: 0px !important;background-image: url(http:\/\/yucatancoastrealty.com\/wp-content\/uploads\/2019\/09\/IMG_6301.jpg?id=3797) !important;background-position: center !important;background-repeat: no-repeat !important;background-size: cover !important;}&#8221;][vc_column css=&#8221;.vc_custom_1566338825489{padding-bottom: 0px !important;background-color: rgba(0,0,0,0.4) !important;*background-color: rgb(0,0,0) !important;}&#8221;][vc_empty_space height=&#8221;20vh&#8221;][vc_custom_heading source=&#8221;post_title&#8221; font_container=&#8221;tag:h1|text_align:center|color:%23ffffff&#8221; css=&#8221;.vc_custom_1566338574181{margin-bottom: 0px !important;padding-bottom: 0px !important;}&#8221;][vc_raw_html]JTNDbmF2JTIwY2xhc3MlM0QlMjJrdy1icmVhZGNydW1iJTIyJTIwc3R5bGUlM0QlMjJ3aWR0aCUzQSUyMDEwMCUyNSUzQnRleHQtYWxpZ24lM0ElMjBjZW50ZXIlM0IlMjIlM0UlMEElM0NhJTIwaHJlZiUzRCUyMmh0dHAlM0ElMkYlMkZ5dWNhdGFuY29hc3RyZWFsdHkuY29tJTJGJTIyJTIwdGl0bGUlM0QlMjJZdWNhdGFuJTIwQ29hc3QlMjBSZWFsdHklMjIlM0VIb21lJTNDJTJGYSUzRSUyMCUzQ3NwYW4lMjBjbGFzcyUzRCUyMnNlcGFyYXRlJTIyJTNFJTJGJTNDJTJGc3BhbiUzRSUyMCUzQ3NwYW4lMjBjbGFzcyUzRCUyMnRyYWlsLWVuZCUyMiUzRVZlbmRlciUzQyUyRnNwYW4lM0UlMDklMDklMDklMDklMDklMDklMDklMDklM0MlMkZuYXYlM0U=[\/vc_raw_html][vc_empty_space [&hellip;]<\/p>\n","protected":false},"author":1,"featured_media":0,"parent":0,"menu_order":0,"comment_status":"closed","ping_status":"closed","template":"","meta":{"inline_featured_image":false,"footnotes":""},"class_list":["post-2650","page","type-page","status-publish","hentry"],"yoast_head":"<!-- This site is optimized with the Yoast SEO plugin v25.4 - https:\/\/yoast.com\/wordpress\/plugins\/seo\/ -->\n<title>Vender - Yucat\u00e1n Coast Realty<\/title>\n<meta name=\"robots\" content=\"index, follow, max-snippet:-1, max-image-preview:large, max-video-preview:-1\" \/>\n<link rel=\"canonical\" href=\"https:\/\/yucatancoastrealty.com\/es\/sell\/\" \/>\n<meta property=\"og:locale\" content=\"es_ES\" \/>\n<meta property=\"og:locale:alternate\" content=\"en_US\" \/>\n<meta property=\"og:type\" content=\"article\" \/>\n<meta property=\"og:title\" content=\"Vender - Yucat\u00e1n Coast Realty\" \/>\n<meta property=\"og:description\" content=\"[vc_row full_width=&#8221;stretch_row_content&#8221; equal_height=&#8221;yes&#8221; content_placement=&#8221;middle&#8221; css=&#8221;.vc_custom_1569823589654{padding-bottom: 0px !important;background-image: url(http:\/\/yucatancoastrealty.com\/wp-content\/uploads\/2019\/09\/IMG_6301.jpg?id=3797) !important;background-position: center !important;background-repeat: no-repeat !important;background-size: cover !important;}&#8221;][vc_column css=&#8221;.vc_custom_1566338825489{padding-bottom: 0px !important;background-color: rgba(0,0,0,0.4) !important;*background-color: rgb(0,0,0) !important;}&#8221;][vc_empty_space height=&#8221;20vh&#8221;][vc_custom_heading source=&#8221;post_title&#8221; font_container=&#8221;tag:h1|text_align:center|color:%23ffffff&#8221; css=&#8221;.vc_custom_1566338574181{margin-bottom: 0px !important;padding-bottom: 0px !important;}&#8221;][vc_raw_html]JTNDbmF2JTIwY2xhc3MlM0QlMjJrdy1icmVhZGNydW1iJTIyJTIwc3R5bGUlM0QlMjJ3aWR0aCUzQSUyMDEwMCUyNSUzQnRleHQtYWxpZ24lM0ElMjBjZW50ZXIlM0IlMjIlM0UlMEElM0NhJTIwaHJlZiUzRCUyMmh0dHAlM0ElMkYlMkZ5dWNhdGFuY29hc3RyZWFsdHkuY29tJTJGJTIyJTIwdGl0bGUlM0QlMjJZdWNhdGFuJTIwQ29hc3QlMjBSZWFsdHklMjIlM0VIb21lJTNDJTJGYSUzRSUyMCUzQ3NwYW4lMjBjbGFzcyUzRCUyMnNlcGFyYXRlJTIyJTNFJTJGJTNDJTJGc3BhbiUzRSUyMCUzQ3NwYW4lMjBjbGFzcyUzRCUyMnRyYWlsLWVuZCUyMiUzRVZlbmRlciUzQyUyRnNwYW4lM0UlMDklMDklMDklMDklMDklMDklMDklMDklM0MlMkZuYXYlM0U=[\/vc_raw_html][vc_empty_space [&hellip;]\" \/>\n<meta property=\"og:url\" content=\"https:\/\/yucatancoastrealty.com\/es\/sell\/\" \/>\n<meta property=\"og:site_name\" content=\"Yucat\u00e1n Coast Realty\" \/>\n<meta property=\"article:modified_time\" content=\"2019-09-30T06:06:55+00:00\" \/>\n<meta name=\"twitter:card\" content=\"summary_large_image\" \/>\n<meta name=\"twitter:label1\" content=\"Tiempo de lectura\" \/>\n\t<meta name=\"twitter:data1\" content=\"2 minutos\" \/>\n<script type=\"application\/ld+json\" class=\"yoast-schema-graph\">{\"@context\":\"https:\/\/schema.org\",\"@graph\":[{\"@type\":\"WebPage\",\"@id\":\"https:\/\/yucatancoastrealty.com\/sell\/\",\"url\":\"https:\/\/yucatancoastrealty.com\/sell\/\",\"name\":\"Vender - Yucat\u00e1n Coast Realty\",\"isPartOf\":{\"@id\":\"https:\/\/yucatancoastrealty.com\/#website\"},\"datePublished\":\"2019-07-16T05:10:13+00:00\",\"dateModified\":\"2019-09-30T06:06:55+00:00\",\"breadcrumb\":{\"@id\":\"https:\/\/yucatancoastrealty.com\/sell\/#breadcrumb\"},\"inLanguage\":\"es-ES\",\"potentialAction\":[{\"@type\":\"ReadAction\",\"target\":[\"https:\/\/yucatancoastrealty.com\/sell\/\"]}]},{\"@type\":\"BreadcrumbList\",\"@id\":\"https:\/\/yucatancoastrealty.com\/sell\/#breadcrumb\",\"itemListElement\":[{\"@type\":\"ListItem\",\"position\":1,\"name\":\"Home\",\"item\":\"https:\/\/yucatancoastrealty.com\/\"},{\"@type\":\"ListItem\",\"position\":2,\"name\":\"Sell\"}]},{\"@type\":\"WebSite\",\"@id\":\"https:\/\/yucatancoastrealty.com\/#website\",\"url\":\"https:\/\/yucatancoastrealty.com\/\",\"name\":\"Yucat\u00e1n Coast Realty\",\"description\":\"El primer paso para conseguir la casa de tus sue\u00f1os.\",\"publisher\":{\"@id\":\"https:\/\/yucatancoastrealty.com\/#organization\"},\"potentialAction\":[{\"@type\":\"SearchAction\",\"target\":{\"@type\":\"EntryPoint\",\"urlTemplate\":\"https:\/\/yucatancoastrealty.com\/?s={search_term_string}\"},\"query-input\":{\"@type\":\"PropertyValueSpecification\",\"valueRequired\":true,\"valueName\":\"search_term_string\"}}],\"inLanguage\":\"es-ES\"},{\"@type\":\"Organization\",\"@id\":\"https:\/\/yucatancoastrealty.com\/#organization\",\"name\":\"Yucat\u00e1n Coast Realty\",\"url\":\"https:\/\/yucatancoastrealty.com\/\",\"logo\":{\"@type\":\"ImageObject\",\"inLanguage\":\"es-ES\",\"@id\":\"https:\/\/yucatancoastrealty.com\/#\/schema\/logo\/image\/\",\"url\":\"http:\/\/yucatancoastrealty.com\/wp-content\/uploads\/2019\/07\/logo-yucatan-coast.png\",\"contentUrl\":\"http:\/\/yucatancoastrealty.com\/wp-content\/uploads\/2019\/07\/logo-yucatan-coast.png\",\"width\":1846,\"height\":1337,\"caption\":\"Yucat\u00e1n Coast Realty\"},\"image\":{\"@id\":\"https:\/\/yucatancoastrealty.com\/#\/schema\/logo\/image\/\"}}]}<\/script>\n<!-- \/ Yoast SEO plugin. -->","yoast_head_json":{"title":"Vender - Yucat\u00e1n Coast Realty","robots":{"index":"index","follow":"follow","max-snippet":"max-snippet:-1","max-image-preview":"max-image-preview:large","max-video-preview":"max-video-preview:-1"},"canonical":"https:\/\/yucatancoastrealty.com\/es\/sell\/","og_locale":"es_ES","og_type":"article","og_title":"Vender - Yucat\u00e1n Coast Realty","og_description":"[vc_row full_width=&#8221;stretch_row_content&#8221; equal_height=&#8221;yes&#8221; content_placement=&#8221;middle&#8221; css=&#8221;.vc_custom_1569823589654{padding-bottom: 0px !important;background-image: url(http:\/\/yucatancoastrealty.com\/wp-content\/uploads\/2019\/09\/IMG_6301.jpg?id=3797) !important;background-position: center !important;background-repeat: no-repeat !important;background-size: cover !important;}&#8221;][vc_column css=&#8221;.vc_custom_1566338825489{padding-bottom: 0px !important;background-color: rgba(0,0,0,0.4) !important;*background-color: rgb(0,0,0) !important;}&#8221;][vc_empty_space height=&#8221;20vh&#8221;][vc_custom_heading source=&#8221;post_title&#8221; font_container=&#8221;tag:h1|text_align:center|color:%23ffffff&#8221; css=&#8221;.vc_custom_1566338574181{margin-bottom: 0px !important;padding-bottom: 0px !important;}&#8221;][vc_raw_html]JTNDbmF2JTIwY2xhc3MlM0QlMjJrdy1icmVhZGNydW1iJTIyJTIwc3R5bGUlM0QlMjJ3aWR0aCUzQSUyMDEwMCUyNSUzQnRleHQtYWxpZ24lM0ElMjBjZW50ZXIlM0IlMjIlM0UlMEElM0NhJTIwaHJlZiUzRCUyMmh0dHAlM0ElMkYlMkZ5dWNhdGFuY29hc3RyZWFsdHkuY29tJTJGJTIyJTIwdGl0bGUlM0QlMjJZdWNhdGFuJTIwQ29hc3QlMjBSZWFsdHklMjIlM0VIb21lJTNDJTJGYSUzRSUyMCUzQ3NwYW4lMjBjbGFzcyUzRCUyMnNlcGFyYXRlJTIyJTNFJTJGJTNDJTJGc3BhbiUzRSUyMCUzQ3NwYW4lMjBjbGFzcyUzRCUyMnRyYWlsLWVuZCUyMiUzRVZlbmRlciUzQyUyRnNwYW4lM0UlMDklMDklMDklMDklMDklMDklMDklMDklM0MlMkZuYXYlM0U=[\/vc_raw_html][vc_empty_space [&hellip;]","og_url":"https:\/\/yucatancoastrealty.com\/es\/sell\/","og_site_name":"Yucat\u00e1n Coast Realty","article_modified_time":"2019-09-30T06:06:55+00:00","twitter_card":"summary_large_image","twitter_misc":{"Tiempo de lectura":"2 minutos"},"schema":{"@context":"https:\/\/schema.org","@graph":[{"@type":"WebPage","@id":"https:\/\/yucatancoastrealty.com\/sell\/","url":"https:\/\/yucatancoastrealty.com\/sell\/","name":"Vender - Yucat\u00e1n Coast Realty","isPartOf":{"@id":"https:\/\/yucatancoastrealty.com\/#website"},"datePublished":"2019-07-16T05:10:13+00:00","dateModified":"2019-09-30T06:06:55+00:00","breadcrumb":{"@id":"https:\/\/yucatancoastrealty.com\/sell\/#breadcrumb"},"inLanguage":"es-ES","potentialAction":[{"@type":"ReadAction","target":["https:\/\/yucatancoastrealty.com\/sell\/"]}]},{"@type":"BreadcrumbList","@id":"https:\/\/yucatancoastrealty.com\/sell\/#breadcrumb","itemListElement":[{"@type":"ListItem","position":1,"name":"Home","item":"https:\/\/yucatancoastrealty.com\/"},{"@type":"ListItem","position":2,"name":"Sell"}]},{"@type":"WebSite","@id":"https:\/\/yucatancoastrealty.com\/#website","url":"https:\/\/yucatancoastrealty.com\/","name":"Yucat\u00e1n Coast Realty","description":"El primer paso para conseguir la casa de tus sue\u00f1os.","publisher":{"@id":"https:\/\/yucatancoastrealty.com\/#organization"},"potentialAction":[{"@type":"SearchAction","target":{"@type":"EntryPoint","urlTemplate":"https:\/\/yucatancoastrealty.com\/?s={search_term_string}"},"query-input":{"@type":"PropertyValueSpecification","valueRequired":true,"valueName":"search_term_string"}}],"inLanguage":"es-ES"},{"@type":"Organization","@id":"https:\/\/yucatancoastrealty.com\/#organization","name":"Yucat\u00e1n Coast Realty","url":"https:\/\/yucatancoastrealty.com\/","logo":{"@type":"ImageObject","inLanguage":"es-ES","@id":"https:\/\/yucatancoastrealty.com\/#\/schema\/logo\/image\/","url":"http:\/\/yucatancoastrealty.com\/wp-content\/uploads\/2019\/07\/logo-yucatan-coast.png","contentUrl":"http:\/\/yucatancoastrealty.com\/wp-content\/uploads\/2019\/07\/logo-yucatan-coast.png","width":1846,"height":1337,"caption":"Yucat\u00e1n Coast Realty"},"image":{"@id":"https:\/\/yucatancoastrealty.com\/#\/schema\/logo\/image\/"}}]}},"_links":{"self":[{"href":"https:\/\/yucatancoastrealty.com\/es\/wp-json\/wp\/v2\/pages\/2650","targetHints":{"allow":["GET"]}}],"collection":[{"href":"https:\/\/yucatancoastrealty.com\/es\/wp-json\/wp\/v2\/pages"}],"about":[{"href":"https:\/\/yucatancoastrealty.com\/es\/wp-json\/wp\/v2\/types\/page"}],"author":[{"embeddable":true,"href":"https:\/\/yucatancoastrealty.com\/es\/wp-json\/wp\/v2\/users\/1"}],"replies":[{"embeddable":true,"href":"https:\/\/yucatancoastrealty.com\/es\/wp-json\/wp\/v2\/comments?post=2650"}],"version-history":[{"count":18,"href":"https:\/\/yucatancoastrealty.com\/es\/wp-json\/wp\/v2\/pages\/2650\/revisions"}],"predecessor-version":[{"id":3799,"href":"https:\/\/yucatancoastrealty.com\/es\/wp-json\/wp\/v2\/pages\/2650\/revisions\/3799"}],"wp:attachment":[{"href":"https:\/\/yucatancoastrealty.com\/es\/wp-json\/wp\/v2\/media?parent=2650"}],"curies":[{"name":"wp","href":"https:\/\/api.w.org\/{rel}","templated":true}]}}