{"id":3222,"date":"2019-08-11T17:48:38","date_gmt":"2019-08-11T22:48:38","guid":{"rendered":"http:\/\/yucatancoastrealty.com\/?page_id=3222"},"modified":"2024-02-26T09:52:18","modified_gmt":"2024-02-26T15:52:18","slug":"testimonials","status":"publish","type":"page","link":"https:\/\/yucatancoastrealty.com\/es\/testimonials\/","title":{"rendered":"Testimonios"},"content":{"rendered":"<p>[vc_row full_width=&#8221;stretch_row_content&#8221; equal_height=&#8221;yes&#8221; content_placement=&#8221;middle&#8221; css=&#8221;.vc_custom_1567715141090{padding-bottom: 0px !important;background-image: url(http:\/\/yucatancoastrealty.com\/wp-content\/uploads\/2019\/09\/Testimonios.jpg?id=3422) !important;background-position: center !important;background-repeat: no-repeat !important;background-size: cover !important;}&#8221;][vc_column css=&#8221;.vc_custom_1566338825489{padding-bottom: 0px !important;background-color: rgba(0,0,0,0.4) !important;*background-color: rgb(0,0,0) !important;}&#8221;][vc_empty_space height=&#8221;20vh&#8221;][vc_custom_heading source=&#8221;post_title&#8221; font_container=&#8221;tag:h1|text_align:center|color:%23ffffff&#8221; css=&#8221;.vc_custom_1566338574181{margin-bottom: 0px !important;padding-bottom: 0px !important;}&#8221;][vc_raw_html]JTNDbmF2JTIwY2xhc3MlM0QlMjJrdy1icmVhZGNydW1iJTIyJTIwc3R5bGUlM0QlMjJ3aWR0aCUzQSUyMDEwMCUyNSUzQnRleHQtYWxpZ24lM0ElMjBjZW50ZXIlM0IlMjIlM0UlMEElM0NhJTIwaHJlZiUzRCUyMmh0dHAlM0ElMkYlMkZ5dWNhdGFuY29hc3RyZWFsdHkuY29tJTJGJTIyJTIwdGl0bGUlM0QlMjJZdWNhdGFuJTIwQ29hc3QlMjBSZWFsdHklMjIlM0VIb21lJTNDJTJGYSUzRSUyMCUzQ3NwYW4lMjBjbGFzcyUzRCUyMnNlcGFyYXRlJTIyJTNFJTJGJTNDJTJGc3BhbiUzRSUyMCUzQ3NwYW4lMjBjbGFzcyUzRCUyMnRyYWlsLWVuZCUyMiUzRVRlc3RpbW9uaW9zJTNDJTJGc3BhbiUzRSUwOSUwOSUwOSUwOSUwOSUwOSUwOSUwOSUzQyUyRm5hdiUzRQ==[\/vc_raw_html][vc_empty_space height=&#8221;20vh&#8221;][\/vc_column][\/vc_row][vc_row][vc_column width=&#8221;1\/4&#8243;][vc_single_image image=&#8221;3153&#8243; alignment=&#8221;center&#8221; style=&#8221;vc_box_shadow_circle&#8221;][\/vc_column][vc_column width=&#8221;3\/4&#8243;][vc_custom_heading text=&#8221;Jim Bell&#8221;][vc_custom_heading text=&#8221;Washington, D.C., USA.&#8221; font_container=&#8221;tag:h3|text_align:left&#8221;][vc_column_text]<span style=\"color: #333333;\">Es un placer trabajar con John Smith y Aurea Hern\u00e1ndez Canto en M\u00e9rida, M\u00e9xico. Seleccionar un profesional de bienes ra\u00edces para una propiedad internacional es una decisi\u00f3n importante y aterradora. Bueno, John es la persona que maneja esas decisiones. John es la persona m\u00e1s profesional, honesta e \u00edntegra que he conocido. John no solo ayud\u00f3 a encontrar y procesar el papeleo para mi casa en la playa en Telchac Puerto, M\u00e9xico, sino que supervis\u00f3 e involucr\u00f3 en la administraci\u00f3n de la propiedad de las renovaciones de mi casa en la playa. John te mantendr\u00e1 al d\u00eda con todos los detalles. John es su elecci\u00f3n para el negocio inmobiliario y lo recomiendo encarecidamente para la gesti\u00f3n de proyectos en construcci\u00f3n si lo necesita.<\/span><\/p>\n<p>Aurea es mi Gerente de Propiedad para mi casa en la playa en Telchac Puerto, M\u00e9xico. El trabajo duro y diligente de Aurea, sus habilidades de publicidad \/ marketing y el cuidado de mi propiedad generan grandes ingresos por las ventas de alquileres en la pen\u00ednsula de Yucat\u00e1n. \u00a1Con mucho, Aurea es el mejor administrador de propiedades en M\u00e9rida, M\u00e9xico![\/vc_column_text][\/vc_column][\/vc_row][vc_row][vc_column width=&#8221;1\/4&#8243;][vc_single_image image=&#8221;3157&#8243; alignment=&#8221;center&#8221; style=&#8221;vc_box_shadow_circle&#8221;][\/vc_column][vc_column width=&#8221;3\/4&#8243;][vc_custom_heading text=&#8221;LuAnn Cumbest&#8221;][vc_custom_heading text=&#8221;Telchac Puerto&#8221; font_container=&#8221;tag:h3|text_align:left&#8221;][vc_column_text]<span style=\"color: #333333;\">Mi esposo y yo fuimos muy afortunados de haber conocido a John Smith.<br \/>\nFue maravilloso trabajar con John en nuestra b\u00fasqueda de nuestro nuevo hogar en Yucat\u00e1n.<\/span><\/p>\n<p><span style=\"color: #333333;\">Apreciamos su conocimiento del \u00e1rea y su enfoque discreto que nos permiti\u00f3 pasar por nuestra casa sin ninguna presi\u00f3n para hacerlo.<\/span><\/p>\n<p>John fue de gran ayuda para nosotros de principio a fin. Fue realmente un placer trabajar con alguien que se mantuvo en contacto constante con nosotros y siempre estuvo dispuesto a responder nuestras muchas preguntas.<\/p>\n<p>Desde entonces, tambi\u00e9n hemos visto las habilidades de dise\u00f1o de John. Con su experiencia en construcci\u00f3n, un ojo para los detalles y su habilidad para visualizar el producto terminado, no dudar\u00eda en contratarlo para futuros proyectos.<\/p>\n<p>Animar\u00eda a cualquiera que busque un agente honesto y conocedor con integridad a no buscar m\u00e1s all\u00e1 de John Smith.[\/vc_column_text][\/vc_column][\/vc_row][vc_row][vc_column width=&#8221;1\/4&#8243;][vc_single_image image=&#8221;3157&#8243; alignment=&#8221;center&#8221; style=&#8221;vc_box_shadow_circle&#8221;][\/vc_column][vc_column width=&#8221;3\/4&#8243;][vc_custom_heading text=&#8221;Ted Walters&#8221;][vc_custom_heading text=&#8221;Progreso&#8221; font_container=&#8221;tag:h3|text_align:left&#8221;][vc_column_text]<span style=\"color: #333333;\">\u00a1Gracias! Estaremos m\u00e1s que felices de referirlo. Probablemente ambos sean las personas m\u00e1s honestas y confiables en esta \u00e1rea y despu\u00e9s de dos casas diferentes que hemos tenido y una tercera que construimos y poseemos, sin duda son las personas con las que se debe tratar. Le deseo todo lo mejor y esperamos poder hacer negocios con usted.<\/span><\/p>\n<p>Saludos[\/vc_column_text][\/vc_column][\/vc_row][vc_row][vc_column width=&#8221;1\/4&#8243;][vc_single_image image=&#8221;3157&#8243; alignment=&#8221;center&#8221; style=&#8221;vc_box_shadow_circle&#8221;][\/vc_column][vc_column width=&#8221;3\/4&#8243;][vc_custom_heading text=&#8221;Gail Arrenholz&#8221;][vc_custom_heading text=&#8221;Tucson Arizona&#8221; font_container=&#8221;tag:h3|text_align:left&#8221;][vc_column_text]<span style=\"color: #222222;\">John Smith me recogi\u00f3 en el hotel boutique, Mayan Gypsy, y me mostr\u00f3 numerosas casas en unas vacaciones ocupadas. Tiene conocimientos sobre bienes ra\u00edces locales y tiene experiencia como constructor en su pa\u00eds de origen. Se ha sumergido en la escena cultural y social de Yucat\u00e1n de muchas maneras. Entonces, sus opiniones y pensamientos sobre la compra de una casa en el \u00e1rea est\u00e1n muy informados. Pida ver fotos de su encantadora casa, &#8220;Casa Piedra&#8221;. Se escap\u00f3 antes de que pudiera vender mi casa en los Estados Unidos o la habr\u00eda comprado. . John agreg\u00f3 muchos toques personales que lo hicieron \u00fanico. \u00a1Conf\u00edo en que encontrar\u00e1 o construir\u00e1 otro a mi gusto!<\/span><span style=\"color: #333333;\"><br \/>\n<\/span><span style=\"color: #222222;\">Estar\u00e9 en contacto John!<\/span><\/p>\n<p><span style=\"color: #222222;\">\u00a1Gracias!<\/span>[\/vc_column_text][\/vc_column][\/vc_row][vc_row][vc_column width=&#8221;1\/4&#8243;][vc_single_image image=&#8221;3157&#8243; alignment=&#8221;center&#8221; style=&#8221;vc_box_shadow_circle&#8221;][\/vc_column][vc_column width=&#8221;3\/4&#8243;][vc_custom_heading text=&#8221;George P. Close&#8221;][vc_custom_heading text=&#8221;Senior Engineering Specialist 3 \u2013 Retired&#8221; font_container=&#8221;tag:h3|text_align:left&#8221;][vc_column_text]El Sr. John Smith personifica integridad, honestidad, confiabilidad y dedicaci\u00f3n a sus clientes. En otras palabras, John es un caballero confiable en el que puede confiar.<\/p>\n<p>John tiene 4 a\u00f1os de experiencia en la industria de bienes ra\u00edces y m\u00e1s de 40 a\u00f1os en la industria de contrataci\u00f3n de viviendas, y a medida que interact\u00faa con John, su experiencia pronto se volver\u00e1 evidente e invaluable para usted. La informaci\u00f3n y la orientaci\u00f3n que John proporcion\u00f3 fueron vitales en relaci\u00f3n con la compra de mi casa en Telchac Puerto Yucat\u00e1n, M\u00e9xico. Adem\u00e1s, compr\u00e9 una casa que requer\u00eda una rehabilitaci\u00f3n extensa y ah\u00ed es donde la experiencia del contratista de John fue fundamental para lograr una rehabilitaci\u00f3n exitosa de la casa. John ofreci\u00f3 consejos constructivos, ideas, sugerencias y recomendaciones que ni siquiera hab\u00eda considerado, lo que result\u00f3 en una casa con un acabado \u00fanico con todos los detalles considerados atendidos por la influencia positiva y la experiencia personal de John.<\/p>\n<p>Soy una persona que conf\u00eda en que un ejemplo de la vida real demuestra mejor de lo que las palabras pueden esperar expresar. Por lo tanto, me gustar\u00eda ofrecer un ejemplo de la vida real del personaje de John. Necesitaba cambiar los servicios el\u00e9ctricos del nombre del propietario anterior a mi nombre. Una tarea sencilla para realizar por su cuenta si se encuentra en los Estados Unidos. Sin embargo, es una tarea dif\u00edcil si est\u00e1s en un pa\u00eds extranjero y no conoces ni entiendes el proceso. John dio un paso adelante y se ofreci\u00f3 a llevarme a la oficina de servicios p\u00fablicos de CFE para lograr el cambio. Al hacerlo, John coordin\u00f3 con sus contactos personales en la oficina para guiarme a trav\u00e9s del proceso de cambio y efectuar el cambio. Este es un ejemplo de la dedicaci\u00f3n de John a la atenci\u00f3n al cliente y a garantizar su satisfacci\u00f3n.<\/p>\n<p>Sinceramente.[\/vc_column_text][\/vc_column][\/vc_row]<\/p>\n","protected":false},"excerpt":{"rendered":"<p>[vc_row full_width=&#8221;stretch_row_content&#8221; equal_height=&#8221;yes&#8221; content_placement=&#8221;middle&#8221; css=&#8221;.vc_custom_1567715141090{padding-bottom: 0px !important;background-image: url(http:\/\/yucatancoastrealty.com\/wp-content\/uploads\/2019\/09\/Testimonios.jpg?id=3422) !important;background-position: center !important;background-repeat: no-repeat !important;background-size: cover !important;}&#8221;][vc_column css=&#8221;.vc_custom_1566338825489{padding-bottom: 0px !important;background-color: rgba(0,0,0,0.4) !important;*background-color: rgb(0,0,0) !important;}&#8221;][vc_empty_space height=&#8221;20vh&#8221;][vc_custom_heading source=&#8221;post_title&#8221; font_container=&#8221;tag:h1|text_align:center|color:%23ffffff&#8221; css=&#8221;.vc_custom_1566338574181{margin-bottom: 0px !important;padding-bottom: 0px !important;}&#8221;][vc_raw_html]JTNDbmF2JTIwY2xhc3MlM0QlMjJrdy1icmVhZGNydW1iJTIyJTIwc3R5bGUlM0QlMjJ3aWR0aCUzQSUyMDEwMCUyNSUzQnRleHQtYWxpZ24lM0ElMjBjZW50ZXIlM0IlMjIlM0UlMEElM0NhJTIwaHJlZiUzRCUyMmh0dHAlM0ElMkYlMkZ5dWNhdGFuY29hc3RyZWFsdHkuY29tJTJGJTIyJTIwdGl0bGUlM0QlMjJZdWNhdGFuJTIwQ29hc3QlMjBSZWFsdHklMjIlM0VIb21lJTNDJTJGYSUzRSUyMCUzQ3NwYW4lMjBjbGFzcyUzRCUyMnNlcGFyYXRlJTIyJTNFJTJGJTNDJTJGc3BhbiUzRSUyMCUzQ3NwYW4lMjBjbGFzcyUzRCUyMnRyYWlsLWVuZCUyMiUzRVRlc3RpbW9uaW9zJTNDJTJGc3BhbiUzRSUwOSUwOSUwOSUwOSUwOSUwOSUwOSUwOSUzQyUyRm5hdiUzRQ==[\/vc_raw_html][vc_empty_space [&hellip;]<\/p>\n","protected":false},"author":1,"featured_media":0,"parent":0,"menu_order":0,"comment_status":"closed","ping_status":"closed","template":"","meta":{"inline_featured_image":false,"footnotes":""},"class_list":["post-3222","page","type-page","status-publish","hentry"],"yoast_head":"<!-- This site is optimized with the Yoast SEO plugin v25.4 - https:\/\/yoast.com\/wordpress\/plugins\/seo\/ -->\n<title>Testimonios - Yucat\u00e1n Coast Realty<\/title>\n<meta name=\"robots\" content=\"index, follow, max-snippet:-1, max-image-preview:large, max-video-preview:-1\" \/>\n<link rel=\"canonical\" href=\"https:\/\/yucatancoastrealty.com\/es\/testimonials\/\" \/>\n<meta property=\"og:locale\" content=\"es_ES\" \/>\n<meta property=\"og:locale:alternate\" content=\"en_US\" \/>\n<meta property=\"og:type\" content=\"article\" \/>\n<meta property=\"og:title\" content=\"Testimonios - Yucat\u00e1n Coast Realty\" \/>\n<meta property=\"og:description\" content=\"[vc_row full_width=&#8221;stretch_row_content&#8221; equal_height=&#8221;yes&#8221; content_placement=&#8221;middle&#8221; css=&#8221;.vc_custom_1567715141090{padding-bottom: 0px !important;background-image: url(http:\/\/yucatancoastrealty.com\/wp-content\/uploads\/2019\/09\/Testimonios.jpg?id=3422) !important;background-position: center !important;background-repeat: no-repeat !important;background-size: cover !important;}&#8221;][vc_column css=&#8221;.vc_custom_1566338825489{padding-bottom: 0px !important;background-color: rgba(0,0,0,0.4) !important;*background-color: rgb(0,0,0) !important;}&#8221;][vc_empty_space height=&#8221;20vh&#8221;][vc_custom_heading source=&#8221;post_title&#8221; font_container=&#8221;tag:h1|text_align:center|color:%23ffffff&#8221; css=&#8221;.vc_custom_1566338574181{margin-bottom: 0px !important;padding-bottom: 0px !important;}&#8221;][vc_raw_html]JTNDbmF2JTIwY2xhc3MlM0QlMjJrdy1icmVhZGNydW1iJTIyJTIwc3R5bGUlM0QlMjJ3aWR0aCUzQSUyMDEwMCUyNSUzQnRleHQtYWxpZ24lM0ElMjBjZW50ZXIlM0IlMjIlM0UlMEElM0NhJTIwaHJlZiUzRCUyMmh0dHAlM0ElMkYlMkZ5dWNhdGFuY29hc3RyZWFsdHkuY29tJTJGJTIyJTIwdGl0bGUlM0QlMjJZdWNhdGFuJTIwQ29hc3QlMjBSZWFsdHklMjIlM0VIb21lJTNDJTJGYSUzRSUyMCUzQ3NwYW4lMjBjbGFzcyUzRCUyMnNlcGFyYXRlJTIyJTNFJTJGJTNDJTJGc3BhbiUzRSUyMCUzQ3NwYW4lMjBjbGFzcyUzRCUyMnRyYWlsLWVuZCUyMiUzRVRlc3RpbW9uaW9zJTNDJTJGc3BhbiUzRSUwOSUwOSUwOSUwOSUwOSUwOSUwOSUwOSUzQyUyRm5hdiUzRQ==[\/vc_raw_html][vc_empty_space [&hellip;]\" \/>\n<meta property=\"og:url\" content=\"https:\/\/yucatancoastrealty.com\/es\/testimonials\/\" \/>\n<meta property=\"og:site_name\" content=\"Yucat\u00e1n Coast Realty\" \/>\n<meta property=\"article:modified_time\" content=\"2024-02-26T15:52:18+00:00\" \/>\n<meta name=\"twitter:card\" content=\"summary_large_image\" \/>\n<meta name=\"twitter:label1\" content=\"Tiempo de lectura\" \/>\n\t<meta name=\"twitter:data1\" content=\"11 minutos\" \/>\n<script type=\"application\/ld+json\" class=\"yoast-schema-graph\">{\"@context\":\"https:\/\/schema.org\",\"@graph\":[{\"@type\":\"WebPage\",\"@id\":\"https:\/\/yucatancoastrealty.com\/testimonials\/\",\"url\":\"https:\/\/yucatancoastrealty.com\/testimonials\/\",\"name\":\"Testimonios - Yucat\u00e1n Coast Realty\",\"isPartOf\":{\"@id\":\"https:\/\/yucatancoastrealty.com\/#website\"},\"datePublished\":\"2019-08-11T22:48:38+00:00\",\"dateModified\":\"2024-02-26T15:52:18+00:00\",\"breadcrumb\":{\"@id\":\"https:\/\/yucatancoastrealty.com\/testimonials\/#breadcrumb\"},\"inLanguage\":\"es-ES\",\"potentialAction\":[{\"@type\":\"ReadAction\",\"target\":[\"https:\/\/yucatancoastrealty.com\/testimonials\/\"]}]},{\"@type\":\"BreadcrumbList\",\"@id\":\"https:\/\/yucatancoastrealty.com\/testimonials\/#breadcrumb\",\"itemListElement\":[{\"@type\":\"ListItem\",\"position\":1,\"name\":\"Home\",\"item\":\"https:\/\/yucatancoastrealty.com\/\"},{\"@type\":\"ListItem\",\"position\":2,\"name\":\"Testimonials\"}]},{\"@type\":\"WebSite\",\"@id\":\"https:\/\/yucatancoastrealty.com\/#website\",\"url\":\"https:\/\/yucatancoastrealty.com\/\",\"name\":\"Yucat\u00e1n Coast Realty\",\"description\":\"El primer paso para conseguir la casa de tus sue\u00f1os.\",\"publisher\":{\"@id\":\"https:\/\/yucatancoastrealty.com\/#organization\"},\"potentialAction\":[{\"@type\":\"SearchAction\",\"target\":{\"@type\":\"EntryPoint\",\"urlTemplate\":\"https:\/\/yucatancoastrealty.com\/?s={search_term_string}\"},\"query-input\":{\"@type\":\"PropertyValueSpecification\",\"valueRequired\":true,\"valueName\":\"search_term_string\"}}],\"inLanguage\":\"es-ES\"},{\"@type\":\"Organization\",\"@id\":\"https:\/\/yucatancoastrealty.com\/#organization\",\"name\":\"Yucat\u00e1n Coast Realty\",\"url\":\"https:\/\/yucatancoastrealty.com\/\",\"logo\":{\"@type\":\"ImageObject\",\"inLanguage\":\"es-ES\",\"@id\":\"https:\/\/yucatancoastrealty.com\/#\/schema\/logo\/image\/\",\"url\":\"http:\/\/yucatancoastrealty.com\/wp-content\/uploads\/2019\/07\/logo-yucatan-coast.png\",\"contentUrl\":\"http:\/\/yucatancoastrealty.com\/wp-content\/uploads\/2019\/07\/logo-yucatan-coast.png\",\"width\":1846,\"height\":1337,\"caption\":\"Yucat\u00e1n Coast Realty\"},\"image\":{\"@id\":\"https:\/\/yucatancoastrealty.com\/#\/schema\/logo\/image\/\"}}]}<\/script>\n<!-- \/ Yoast SEO plugin. -->","yoast_head_json":{"title":"Testimonios - Yucat\u00e1n Coast Realty","robots":{"index":"index","follow":"follow","max-snippet":"max-snippet:-1","max-image-preview":"max-image-preview:large","max-video-preview":"max-video-preview:-1"},"canonical":"https:\/\/yucatancoastrealty.com\/es\/testimonials\/","og_locale":"es_ES","og_type":"article","og_title":"Testimonios - Yucat\u00e1n Coast Realty","og_description":"[vc_row full_width=&#8221;stretch_row_content&#8221; equal_height=&#8221;yes&#8221; content_placement=&#8221;middle&#8221; css=&#8221;.vc_custom_1567715141090{padding-bottom: 0px !important;background-image: url(http:\/\/yucatancoastrealty.com\/wp-content\/uploads\/2019\/09\/Testimonios.jpg?id=3422) !important;background-position: center !important;background-repeat: no-repeat !important;background-size: cover !important;}&#8221;][vc_column css=&#8221;.vc_custom_1566338825489{padding-bottom: 0px !important;background-color: rgba(0,0,0,0.4) !important;*background-color: rgb(0,0,0) !important;}&#8221;][vc_empty_space height=&#8221;20vh&#8221;][vc_custom_heading source=&#8221;post_title&#8221; font_container=&#8221;tag:h1|text_align:center|color:%23ffffff&#8221; css=&#8221;.vc_custom_1566338574181{margin-bottom: 0px !important;padding-bottom: 0px !important;}&#8221;][vc_raw_html]JTNDbmF2JTIwY2xhc3MlM0QlMjJrdy1icmVhZGNydW1iJTIyJTIwc3R5bGUlM0QlMjJ3aWR0aCUzQSUyMDEwMCUyNSUzQnRleHQtYWxpZ24lM0ElMjBjZW50ZXIlM0IlMjIlM0UlMEElM0NhJTIwaHJlZiUzRCUyMmh0dHAlM0ElMkYlMkZ5dWNhdGFuY29hc3RyZWFsdHkuY29tJTJGJTIyJTIwdGl0bGUlM0QlMjJZdWNhdGFuJTIwQ29hc3QlMjBSZWFsdHklMjIlM0VIb21lJTNDJTJGYSUzRSUyMCUzQ3NwYW4lMjBjbGFzcyUzRCUyMnNlcGFyYXRlJTIyJTNFJTJGJTNDJTJGc3BhbiUzRSUyMCUzQ3NwYW4lMjBjbGFzcyUzRCUyMnRyYWlsLWVuZCUyMiUzRVRlc3RpbW9uaW9zJTNDJTJGc3BhbiUzRSUwOSUwOSUwOSUwOSUwOSUwOSUwOSUwOSUzQyUyRm5hdiUzRQ==[\/vc_raw_html][vc_empty_space [&hellip;]","og_url":"https:\/\/yucatancoastrealty.com\/es\/testimonials\/","og_site_name":"Yucat\u00e1n Coast Realty","article_modified_time":"2024-02-26T15:52:18+00:00","twitter_card":"summary_large_image","twitter_misc":{"Tiempo de lectura":"11 minutos"},"schema":{"@context":"https:\/\/schema.org","@graph":[{"@type":"WebPage","@id":"https:\/\/yucatancoastrealty.com\/testimonials\/","url":"https:\/\/yucatancoastrealty.com\/testimonials\/","name":"Testimonios - Yucat\u00e1n Coast Realty","isPartOf":{"@id":"https:\/\/yucatancoastrealty.com\/#website"},"datePublished":"2019-08-11T22:48:38+00:00","dateModified":"2024-02-26T15:52:18+00:00","breadcrumb":{"@id":"https:\/\/yucatancoastrealty.com\/testimonials\/#breadcrumb"},"inLanguage":"es-ES","potentialAction":[{"@type":"ReadAction","target":["https:\/\/yucatancoastrealty.com\/testimonials\/"]}]},{"@type":"BreadcrumbList","@id":"https:\/\/yucatancoastrealty.com\/testimonials\/#breadcrumb","itemListElement":[{"@type":"ListItem","position":1,"name":"Home","item":"https:\/\/yucatancoastrealty.com\/"},{"@type":"ListItem","position":2,"name":"Testimonials"}]},{"@type":"WebSite","@id":"https:\/\/yucatancoastrealty.com\/#website","url":"https:\/\/yucatancoastrealty.com\/","name":"Yucat\u00e1n Coast Realty","description":"El primer paso para conseguir la casa de tus sue\u00f1os.","publisher":{"@id":"https:\/\/yucatancoastrealty.com\/#organization"},"potentialAction":[{"@type":"SearchAction","target":{"@type":"EntryPoint","urlTemplate":"https:\/\/yucatancoastrealty.com\/?s={search_term_string}"},"query-input":{"@type":"PropertyValueSpecification","valueRequired":true,"valueName":"search_term_string"}}],"inLanguage":"es-ES"},{"@type":"Organization","@id":"https:\/\/yucatancoastrealty.com\/#organization","name":"Yucat\u00e1n Coast Realty","url":"https:\/\/yucatancoastrealty.com\/","logo":{"@type":"ImageObject","inLanguage":"es-ES","@id":"https:\/\/yucatancoastrealty.com\/#\/schema\/logo\/image\/","url":"http:\/\/yucatancoastrealty.com\/wp-content\/uploads\/2019\/07\/logo-yucatan-coast.png","contentUrl":"http:\/\/yucatancoastrealty.com\/wp-content\/uploads\/2019\/07\/logo-yucatan-coast.png","width":1846,"height":1337,"caption":"Yucat\u00e1n Coast Realty"},"image":{"@id":"https:\/\/yucatancoastrealty.com\/#\/schema\/logo\/image\/"}}]}},"_links":{"self":[{"href":"https:\/\/yucatancoastrealty.com\/es\/wp-json\/wp\/v2\/pages\/3222","targetHints":{"allow":["GET"]}}],"collection":[{"href":"https:\/\/yucatancoastrealty.com\/es\/wp-json\/wp\/v2\/pages"}],"about":[{"href":"https:\/\/yucatancoastrealty.com\/es\/wp-json\/wp\/v2\/types\/page"}],"author":[{"embeddable":true,"href":"https:\/\/yucatancoastrealty.com\/es\/wp-json\/wp\/v2\/users\/1"}],"replies":[{"embeddable":true,"href":"https:\/\/yucatancoastrealty.com\/es\/wp-json\/wp\/v2\/comments?post=3222"}],"version-history":[{"count":13,"href":"https:\/\/yucatancoastrealty.com\/es\/wp-json\/wp\/v2\/pages\/3222\/revisions"}],"predecessor-version":[{"id":8911,"href":"https:\/\/yucatancoastrealty.com\/es\/wp-json\/wp\/v2\/pages\/3222\/revisions\/8911"}],"wp:attachment":[{"href":"https:\/\/yucatancoastrealty.com\/es\/wp-json\/wp\/v2\/media?parent=3222"}],"curies":[{"name":"wp","href":"https:\/\/api.w.org\/{rel}","templated":true}]}}