{"id":4,"date":"2019-05-04T19:48:49","date_gmt":"2019-05-04T19:48:49","guid":{"rendered":"http:\/\/yucatancoastrealty.com\/welcome-to-http-yucatancoastrealty-com"},"modified":"2019-09-03T13:00:32","modified_gmt":"2019-09-03T18:00:32","slug":"about-yucatan-coast-realty-com","status":"publish","type":"page","link":"https:\/\/yucatancoastrealty.com\/es\/about-yucatan-coast-realty-com\/","title":{"rendered":"Bienvenido a Yucatan Coast Realty"},"content":{"rendered":"<p>[vc_row full_width=&#8221;stretch_row_content&#8221; equal_height=&#8221;yes&#8221; content_placement=&#8221;middle&#8221; css=&#8221;.vc_custom_1566580129273{padding-bottom: 0px !important;background-image: url(http:\/\/yucatancoastrealty.com\/wp-content\/uploads\/2019\/08\/Quienes.jpg?id=3276) !important;background-position: center !important;background-repeat: no-repeat !important;background-size: cover !important;}&#8221;][vc_column css=&#8221;.vc_custom_1566338825489{padding-bottom: 0px !important;background-color: rgba(0,0,0,0.4) !important;*background-color: rgb(0,0,0) !important;}&#8221;][vc_empty_space height=&#8221;20vh&#8221;][vc_custom_heading source=&#8221;post_title&#8221; font_container=&#8221;tag:h1|text_align:center|color:%23ffffff&#8221; css=&#8221;.vc_custom_1566338574181{margin-bottom: 0px !important;padding-bottom: 0px !important;}&#8221;][vc_raw_html]JTNDbmF2JTIwY2xhc3MlM0QlMjJrdy1icmVhZGNydW1iJTIyJTIwc3R5bGUlM0QlMjJ3aWR0aCUzQSUyMDEwMCUyNSUzQnRleHQtYWxpZ24lM0ElMjBjZW50ZXIlM0IlMjIlM0UlMEElM0NhJTIwaHJlZiUzRCUyMmh0dHAlM0ElMkYlMkZ5dWNhdGFuY29hc3RyZWFsdHkuY29tJTJGJTIyJTIwdGl0bGUlM0QlMjJZdWNhdGFuJTIwQ29hc3QlMjBSZWFsdHklMjIlM0VIb21lJTNDJTJGYSUzRSUyMCUzQ3NwYW4lMjBjbGFzcyUzRCUyMnNlcGFyYXRlJTIyJTNFJTJGJTNDJTJGc3BhbiUzRSUyMCUzQ3NwYW4lMjBjbGFzcyUzRCUyMnRyYWlsLWVuZCUyMiUzRVdlbGNvbWUlMjB0byUyMFl1Y2F0YW4lMjBDb2FzdCUyMFJlYWx0eSUzQyUyRnNwYW4lM0UlMDklMDklMDklMDklMDklMDklMDklMDklM0MlMkZuYXYlM0U=[\/vc_raw_html][vc_empty_space height=&#8221;20vh&#8221;][\/vc_column][\/vc_row][vc_row][vc_column][vc_column_text el_class=&#8221;text-justify&#8221;]<\/h1>\r\n<p>Yucatan Coast Realty and Construction le ofrece servicios profesionales y de calidad. Somos una agencia de bienes ra\u00edces y construcci\u00f3n enfocada en los vendedores locales y el mercado de compradores internacionales.<\/p>\r\n<p>Estamos aqu\u00ed para servirle y guiar a nuestros clientes que desean adquirir una vivienda en Yucat\u00e1n o alquilar una propiedad por una temporada. O tal vez vender alguna propiedad.<\/p>\r\n<p>Solo estamos interesados \u200b\u200ben que nuestros clientes se sientan satisfechos, felices y exitosos. Podemos guiarlo en todo lo que necesite en sus necesidades inmobiliarias. Tenemos opciones para que encuentres la mejor seg\u00fan tus gustos y necesidades. Podemos ofrecerle terrenos, casas nuevas, recientemente remodeladas, casas para remodelar, ubicadas en el centro, en la playa, en las afueras y en los alrededores de M\u00e9rida.<\/p>\r\n<p>Ofrecemos asesor\u00eda legal y contable confiable con expertos en el \u00e1rea, tambi\u00e9n podemos presentarle la banca local mexicana con conexiones internacionales.<\/p>\r\n<p>En el \u00e1rea de asesoramiento legal:<\/p>\r\n<p>Le ofrecemos contratos protegidos, transparentes y seguros, cuentas de fianza y fideicomiso, seguro de t\u00edtulo de propiedad, notarios y abogados calificados y de confianza, procedimientos de fideicomiso y servicios de cierre para contratos de compraventa.<\/p>\r\n<p>Si nos compra un terreno, ofrecemos el servicio para dise\u00f1ar y construir la casa de sus sue\u00f1os.<\/p>\r\n<p>Si nos compra una casa que necesita reparaci\u00f3n o renovaci\u00f3n, podemos remodelarla a su gusto y necesidades (desde proyectos peque\u00f1os hasta grandes, podemos hacerlo todo)<\/p>\r\n<p>Si desea alquilar una propiedad, podemos ayudarlo a encontrar la mejor opci\u00f3n.<\/p>\r\n<p>Si desea alquilar su casa, tenemos expertos en administraci\u00f3n de propiedades y le daremos un buen retorno de su inversi\u00f3n.<\/p>\r\n<p>Estamos dedicados al \u00e9xito y la felicidad de nuestros clientes. Nos enorgullece brindar un servicio exitoso, tener una excelente reputaci\u00f3n y mantener relaciones s\u00f3lidas con nuestros clientes, nuestros asociados y nuestra comunidad. Nuestros agentes profesionales y biling\u00fces estar\u00e1n encantados de mostrarle cualquier propiedad en cualquier lugar de la pen\u00ednsula de Yucat\u00e1n. Tambi\u00e9n trabajamos con todas las compa\u00f1\u00edas de bienes ra\u00edces honestas de buena reputaci\u00f3n en la pen\u00ednsula de Yucat\u00e1n. Podemos mostrarle las propiedades que figuran en el sitio web de cualquier empresa de buena reputaci\u00f3n &#8230; \u00a1Todo lo que necesita para que su inversi\u00f3n inmobiliaria en Yucat\u00e1n sea un \u00e9xito!<\/p>\r\n<p><strong>\u00a1Llamanos! \u00a1Perm\u00edtanos trabajar para usted!<\/strong><\/p>\r\n<p><a href=\"tel:529992259005\">+52 999 225 9005<\/a> John (english)<br \/><a href=\"tel:529991599676\">+52 999 159 9676<\/a> Aurea (spanish)<\/p>\r\n<p>M\u00e1s de 40 a\u00f1os de experiencia en la construcci\u00f3n, venta de casas y proyectos de renovaci\u00f3n.<\/p>\r\n<p>[\/vc_column_text][\/vc_column][\/vc_row]<\/p>","protected":false},"excerpt":{"rendered":"<p>[vc_row full_width=&#8221;stretch_row_content&#8221; equal_height=&#8221;yes&#8221; content_placement=&#8221;middle&#8221; css=&#8221;.vc_custom_1566580129273{padding-bottom: 0px !important;background-image: url(http:\/\/yucatancoastrealty.com\/wp-content\/uploads\/2019\/08\/Quienes.jpg?id=3276) !important;background-position: center !important;background-repeat: no-repeat !important;background-size: cover !important;}&#8221;][vc_column css=&#8221;.vc_custom_1566338825489{padding-bottom: 0px !important;background-color: rgba(0,0,0,0.4) !important;*background-color: rgb(0,0,0) !important;}&#8221;][vc_empty_space height=&#8221;20vh&#8221;][vc_custom_heading source=&#8221;post_title&#8221; font_container=&#8221;tag:h1|text_align:center|color:%23ffffff&#8221; css=&#8221;.vc_custom_1566338574181{margin-bottom: 0px !important;padding-bottom: 0px !important;}&#8221;][vc_raw_html]JTNDbmF2JTIwY2xhc3MlM0QlMjJrdy1icmVhZGNydW1iJTIyJTIwc3R5bGUlM0QlMjJ3aWR0aCUzQSUyMDEwMCUyNSUzQnRleHQtYWxpZ24lM0ElMjBjZW50ZXIlM0IlMjIlM0UlMEElM0NhJTIwaHJlZiUzRCUyMmh0dHAlM0ElMkYlMkZ5dWNhdGFuY29hc3RyZWFsdHkuY29tJTJGJTIyJTIwdGl0bGUlM0QlMjJZdWNhdGFuJTIwQ29hc3QlMjBSZWFsdHklMjIlM0VIb21lJTNDJTJGYSUzRSUyMCUzQ3NwYW4lMjBjbGFzcyUzRCUyMnNlcGFyYXRlJTIyJTNFJTJGJTNDJTJGc3BhbiUzRSUyMCUzQ3NwYW4lMjBjbGFzcyUzRCUyMnRyYWlsLWVuZCUyMiUzRVdlbGNvbWUlMjB0byUyMFl1Y2F0YW4lMjBDb2FzdCUyMFJlYWx0eSUzQyUyRnNwYW4lM0UlMDklMDklMDklMDklMDklMDklMDklMDklM0MlMkZuYXYlM0U=[\/vc_raw_html][vc_empty_space [&hellip;]<\/p>\n","protected":false},"author":1,"featured_media":0,"parent":0,"menu_order":0,"comment_status":"closed","ping_status":"open","template":"","meta":{"inline_featured_image":false,"footnotes":""},"class_list":["post-4","page","type-page","status-publish","hentry"],"yoast_head":"<!-- This site is optimized with the Yoast SEO plugin v25.4 - https:\/\/yoast.com\/wordpress\/plugins\/seo\/ -->\n<title>Bienvenido a Yucatan Coast Realty - Yucat\u00e1n Coast Realty<\/title>\n<meta name=\"robots\" content=\"index, follow, max-snippet:-1, max-image-preview:large, max-video-preview:-1\" \/>\n<link rel=\"canonical\" href=\"https:\/\/yucatancoastrealty.com\/es\/about-yucatan-coast-realty-com\/\" \/>\n<meta property=\"og:locale\" content=\"es_ES\" \/>\n<meta property=\"og:locale:alternate\" content=\"en_US\" \/>\n<meta property=\"og:type\" content=\"article\" \/>\n<meta property=\"og:title\" content=\"Bienvenido a Yucatan Coast Realty - Yucat\u00e1n Coast Realty\" \/>\n<meta property=\"og:description\" content=\"[vc_row full_width=&#8221;stretch_row_content&#8221; equal_height=&#8221;yes&#8221; content_placement=&#8221;middle&#8221; css=&#8221;.vc_custom_1566580129273{padding-bottom: 0px !important;background-image: url(http:\/\/yucatancoastrealty.com\/wp-content\/uploads\/2019\/08\/Quienes.jpg?id=3276) !important;background-position: center !important;background-repeat: no-repeat !important;background-size: cover !important;}&#8221;][vc_column css=&#8221;.vc_custom_1566338825489{padding-bottom: 0px !important;background-color: rgba(0,0,0,0.4) !important;*background-color: rgb(0,0,0) !important;}&#8221;][vc_empty_space height=&#8221;20vh&#8221;][vc_custom_heading source=&#8221;post_title&#8221; font_container=&#8221;tag:h1|text_align:center|color:%23ffffff&#8221; css=&#8221;.vc_custom_1566338574181{margin-bottom: 0px !important;padding-bottom: 0px !important;}&#8221;][vc_raw_html]JTNDbmF2JTIwY2xhc3MlM0QlMjJrdy1icmVhZGNydW1iJTIyJTIwc3R5bGUlM0QlMjJ3aWR0aCUzQSUyMDEwMCUyNSUzQnRleHQtYWxpZ24lM0ElMjBjZW50ZXIlM0IlMjIlM0UlMEElM0NhJTIwaHJlZiUzRCUyMmh0dHAlM0ElMkYlMkZ5dWNhdGFuY29hc3RyZWFsdHkuY29tJTJGJTIyJTIwdGl0bGUlM0QlMjJZdWNhdGFuJTIwQ29hc3QlMjBSZWFsdHklMjIlM0VIb21lJTNDJTJGYSUzRSUyMCUzQ3NwYW4lMjBjbGFzcyUzRCUyMnNlcGFyYXRlJTIyJTNFJTJGJTNDJTJGc3BhbiUzRSUyMCUzQ3NwYW4lMjBjbGFzcyUzRCUyMnRyYWlsLWVuZCUyMiUzRVdlbGNvbWUlMjB0byUyMFl1Y2F0YW4lMjBDb2FzdCUyMFJlYWx0eSUzQyUyRnNwYW4lM0UlMDklMDklMDklMDklMDklMDklMDklMDklM0MlMkZuYXYlM0U=[\/vc_raw_html][vc_empty_space [&hellip;]\" \/>\n<meta property=\"og:url\" content=\"https:\/\/yucatancoastrealty.com\/es\/about-yucatan-coast-realty-com\/\" \/>\n<meta property=\"og:site_name\" content=\"Yucat\u00e1n Coast Realty\" \/>\n<meta property=\"article:modified_time\" content=\"2019-09-03T18:00:32+00:00\" \/>\n<meta name=\"twitter:card\" content=\"summary_large_image\" \/>\n<meta name=\"twitter:label1\" content=\"Tiempo de lectura\" \/>\n\t<meta name=\"twitter:data1\" content=\"3 minutos\" \/>\n<script type=\"application\/ld+json\" class=\"yoast-schema-graph\">{\"@context\":\"https:\/\/schema.org\",\"@graph\":[{\"@type\":\"WebPage\",\"@id\":\"https:\/\/yucatancoastrealty.com\/about-yucatan-coast-realty-com\/\",\"url\":\"https:\/\/yucatancoastrealty.com\/about-yucatan-coast-realty-com\/\",\"name\":\"Bienvenido a Yucatan Coast Realty - Yucat\u00e1n Coast Realty\",\"isPartOf\":{\"@id\":\"https:\/\/yucatancoastrealty.com\/#website\"},\"datePublished\":\"2019-05-04T19:48:49+00:00\",\"dateModified\":\"2019-09-03T18:00:32+00:00\",\"breadcrumb\":{\"@id\":\"https:\/\/yucatancoastrealty.com\/about-yucatan-coast-realty-com\/#breadcrumb\"},\"inLanguage\":\"es-ES\",\"potentialAction\":[{\"@type\":\"ReadAction\",\"target\":[\"https:\/\/yucatancoastrealty.com\/about-yucatan-coast-realty-com\/\"]}]},{\"@type\":\"BreadcrumbList\",\"@id\":\"https:\/\/yucatancoastrealty.com\/about-yucatan-coast-realty-com\/#breadcrumb\",\"itemListElement\":[{\"@type\":\"ListItem\",\"position\":1,\"name\":\"Home\",\"item\":\"https:\/\/yucatancoastrealty.com\/\"},{\"@type\":\"ListItem\",\"position\":2,\"name\":\"Welcome to Yucatan Coast Realty\"}]},{\"@type\":\"WebSite\",\"@id\":\"https:\/\/yucatancoastrealty.com\/#website\",\"url\":\"https:\/\/yucatancoastrealty.com\/\",\"name\":\"Yucat\u00e1n Coast Realty\",\"description\":\"El primer paso para conseguir la casa de tus sue\u00f1os.\",\"publisher\":{\"@id\":\"https:\/\/yucatancoastrealty.com\/#organization\"},\"potentialAction\":[{\"@type\":\"SearchAction\",\"target\":{\"@type\":\"EntryPoint\",\"urlTemplate\":\"https:\/\/yucatancoastrealty.com\/?s={search_term_string}\"},\"query-input\":{\"@type\":\"PropertyValueSpecification\",\"valueRequired\":true,\"valueName\":\"search_term_string\"}}],\"inLanguage\":\"es-ES\"},{\"@type\":\"Organization\",\"@id\":\"https:\/\/yucatancoastrealty.com\/#organization\",\"name\":\"Yucat\u00e1n Coast Realty\",\"url\":\"https:\/\/yucatancoastrealty.com\/\",\"logo\":{\"@type\":\"ImageObject\",\"inLanguage\":\"es-ES\",\"@id\":\"https:\/\/yucatancoastrealty.com\/#\/schema\/logo\/image\/\",\"url\":\"http:\/\/yucatancoastrealty.com\/wp-content\/uploads\/2019\/07\/logo-yucatan-coast.png\",\"contentUrl\":\"http:\/\/yucatancoastrealty.com\/wp-content\/uploads\/2019\/07\/logo-yucatan-coast.png\",\"width\":1846,\"height\":1337,\"caption\":\"Yucat\u00e1n Coast Realty\"},\"image\":{\"@id\":\"https:\/\/yucatancoastrealty.com\/#\/schema\/logo\/image\/\"}}]}<\/script>\n<!-- \/ Yoast SEO plugin. -->","yoast_head_json":{"title":"Bienvenido a Yucatan Coast Realty - Yucat\u00e1n Coast Realty","robots":{"index":"index","follow":"follow","max-snippet":"max-snippet:-1","max-image-preview":"max-image-preview:large","max-video-preview":"max-video-preview:-1"},"canonical":"https:\/\/yucatancoastrealty.com\/es\/about-yucatan-coast-realty-com\/","og_locale":"es_ES","og_type":"article","og_title":"Bienvenido a Yucatan Coast Realty - Yucat\u00e1n Coast Realty","og_description":"[vc_row full_width=&#8221;stretch_row_content&#8221; equal_height=&#8221;yes&#8221; content_placement=&#8221;middle&#8221; css=&#8221;.vc_custom_1566580129273{padding-bottom: 0px !important;background-image: url(http:\/\/yucatancoastrealty.com\/wp-content\/uploads\/2019\/08\/Quienes.jpg?id=3276) !important;background-position: center !important;background-repeat: no-repeat !important;background-size: cover !important;}&#8221;][vc_column css=&#8221;.vc_custom_1566338825489{padding-bottom: 0px !important;background-color: rgba(0,0,0,0.4) !important;*background-color: rgb(0,0,0) !important;}&#8221;][vc_empty_space height=&#8221;20vh&#8221;][vc_custom_heading source=&#8221;post_title&#8221; font_container=&#8221;tag:h1|text_align:center|color:%23ffffff&#8221; css=&#8221;.vc_custom_1566338574181{margin-bottom: 0px !important;padding-bottom: 0px !important;}&#8221;][vc_raw_html]JTNDbmF2JTIwY2xhc3MlM0QlMjJrdy1icmVhZGNydW1iJTIyJTIwc3R5bGUlM0QlMjJ3aWR0aCUzQSUyMDEwMCUyNSUzQnRleHQtYWxpZ24lM0ElMjBjZW50ZXIlM0IlMjIlM0UlMEElM0NhJTIwaHJlZiUzRCUyMmh0dHAlM0ElMkYlMkZ5dWNhdGFuY29hc3RyZWFsdHkuY29tJTJGJTIyJTIwdGl0bGUlM0QlMjJZdWNhdGFuJTIwQ29hc3QlMjBSZWFsdHklMjIlM0VIb21lJTNDJTJGYSUzRSUyMCUzQ3NwYW4lMjBjbGFzcyUzRCUyMnNlcGFyYXRlJTIyJTNFJTJGJTNDJTJGc3BhbiUzRSUyMCUzQ3NwYW4lMjBjbGFzcyUzRCUyMnRyYWlsLWVuZCUyMiUzRVdlbGNvbWUlMjB0byUyMFl1Y2F0YW4lMjBDb2FzdCUyMFJlYWx0eSUzQyUyRnNwYW4lM0UlMDklMDklMDklMDklMDklMDklMDklMDklM0MlMkZuYXYlM0U=[\/vc_raw_html][vc_empty_space [&hellip;]","og_url":"https:\/\/yucatancoastrealty.com\/es\/about-yucatan-coast-realty-com\/","og_site_name":"Yucat\u00e1n Coast Realty","article_modified_time":"2019-09-03T18:00:32+00:00","twitter_card":"summary_large_image","twitter_misc":{"Tiempo de lectura":"3 minutos"},"schema":{"@context":"https:\/\/schema.org","@graph":[{"@type":"WebPage","@id":"https:\/\/yucatancoastrealty.com\/about-yucatan-coast-realty-com\/","url":"https:\/\/yucatancoastrealty.com\/about-yucatan-coast-realty-com\/","name":"Bienvenido a Yucatan Coast Realty - Yucat\u00e1n Coast Realty","isPartOf":{"@id":"https:\/\/yucatancoastrealty.com\/#website"},"datePublished":"2019-05-04T19:48:49+00:00","dateModified":"2019-09-03T18:00:32+00:00","breadcrumb":{"@id":"https:\/\/yucatancoastrealty.com\/about-yucatan-coast-realty-com\/#breadcrumb"},"inLanguage":"es-ES","potentialAction":[{"@type":"ReadAction","target":["https:\/\/yucatancoastrealty.com\/about-yucatan-coast-realty-com\/"]}]},{"@type":"BreadcrumbList","@id":"https:\/\/yucatancoastrealty.com\/about-yucatan-coast-realty-com\/#breadcrumb","itemListElement":[{"@type":"ListItem","position":1,"name":"Home","item":"https:\/\/yucatancoastrealty.com\/"},{"@type":"ListItem","position":2,"name":"Welcome to Yucatan Coast Realty"}]},{"@type":"WebSite","@id":"https:\/\/yucatancoastrealty.com\/#website","url":"https:\/\/yucatancoastrealty.com\/","name":"Yucat\u00e1n Coast Realty","description":"El primer paso para conseguir la casa de tus sue\u00f1os.","publisher":{"@id":"https:\/\/yucatancoastrealty.com\/#organization"},"potentialAction":[{"@type":"SearchAction","target":{"@type":"EntryPoint","urlTemplate":"https:\/\/yucatancoastrealty.com\/?s={search_term_string}"},"query-input":{"@type":"PropertyValueSpecification","valueRequired":true,"valueName":"search_term_string"}}],"inLanguage":"es-ES"},{"@type":"Organization","@id":"https:\/\/yucatancoastrealty.com\/#organization","name":"Yucat\u00e1n Coast Realty","url":"https:\/\/yucatancoastrealty.com\/","logo":{"@type":"ImageObject","inLanguage":"es-ES","@id":"https:\/\/yucatancoastrealty.com\/#\/schema\/logo\/image\/","url":"http:\/\/yucatancoastrealty.com\/wp-content\/uploads\/2019\/07\/logo-yucatan-coast.png","contentUrl":"http:\/\/yucatancoastrealty.com\/wp-content\/uploads\/2019\/07\/logo-yucatan-coast.png","width":1846,"height":1337,"caption":"Yucat\u00e1n Coast Realty"},"image":{"@id":"https:\/\/yucatancoastrealty.com\/#\/schema\/logo\/image\/"}}]}},"_links":{"self":[{"href":"https:\/\/yucatancoastrealty.com\/es\/wp-json\/wp\/v2\/pages\/4","targetHints":{"allow":["GET"]}}],"collection":[{"href":"https:\/\/yucatancoastrealty.com\/es\/wp-json\/wp\/v2\/pages"}],"about":[{"href":"https:\/\/yucatancoastrealty.com\/es\/wp-json\/wp\/v2\/types\/page"}],"author":[{"embeddable":true,"href":"https:\/\/yucatancoastrealty.com\/es\/wp-json\/wp\/v2\/users\/1"}],"replies":[{"embeddable":true,"href":"https:\/\/yucatancoastrealty.com\/es\/wp-json\/wp\/v2\/comments?post=4"}],"version-history":[{"count":21,"href":"https:\/\/yucatancoastrealty.com\/es\/wp-json\/wp\/v2\/pages\/4\/revisions"}],"predecessor-version":[{"id":3298,"href":"https:\/\/yucatancoastrealty.com\/es\/wp-json\/wp\/v2\/pages\/4\/revisions\/3298"}],"wp:attachment":[{"href":"https:\/\/yucatancoastrealty.com\/es\/wp-json\/wp\/v2\/media?parent=4"}],"curies":[{"name":"wp","href":"https:\/\/api.w.org\/{rel}","templated":true}]}}