{"id":7,"date":"2017-01-24T08:03:05","date_gmt":"2017-01-24T08:03:05","guid":{"rendered":"https:\/\/velikorodnov.com\/wordpress\/knowhere\/demo4\/?page_id=7"},"modified":"2024-12-03T15:35:47","modified_gmt":"2024-12-03T21:35:47","slug":"find-best-places-near-you","status":"publish","type":"page","link":"https:\/\/yucatancoastrealty.com\/es\/","title":{"rendered":"Descubra su Propiedad Perfecta en Yucat\u00e1n"},"content":{"rendered":"<p>[vc_row full_width=&#8221;stretch_row_content_no_spaces&#8221; css=&#8221;.vc_custom_1565508798863{margin-bottom: 0px !important;padding-bottom: 0px !important;}&#8221;][vc_column][rev_slider slidertitle=&#8221;inicio 3&#8243; alias=&#8221;home-3-1&#8243;][\/vc_column][\/vc_row][vc_row el_id=&#8221;home-listing&#8221;][vc_column][vc_column_text el_class=&#8221;text-justify&#8221;]<\/p>\n<h2 style=\"text-align: center;\">Bienvenido a Yucatan Coast Realty<\/h2>\n<h3 style=\"text-align: center;\">\u00bfQuieres vivir en alg\u00fan lugar de Yucat\u00e1n?<\/h3>\n<p>[\/vc_column_text][vc_row_inner css=&#8221;.vc_custom_1698797079617{margin-right: 0px !important;margin-bottom: 30px !important;margin-left: 0px !important;padding-right: 0px !important;padding-left: 0px !important;}&#8221;][vc_column_inner][rev_slider slidertitle=&#8221;Video&#8221; alias=&#8221;video&#8221;][\/vc_column_inner][\/vc_row_inner][vc_column_text el_class=&#8221;text-justify&#8221;]Est\u00e1 en la p\u00e1gina correcta, le asesoraremos sobre lo que necesita para adquirir una propiedad en la hermosa ciudad de M\u00e9rida y sus alrededores, le mostraremos todas las opciones inmobiliarias que tenemos.<\/p>\n<p>Tambi\u00e9n podemos mostrarle cualquier propiedad listada con cualquier compa\u00f1\u00eda de bienes ra\u00edces acreditada en Yucat\u00e1n.<\/p>\n<p>Perm\u00edtanos ayudarlo a encontrar su hogar perfecto.<\/p>\n<p>Con nosotros puede adquirir la casa de sus sue\u00f1os, remodelar una propiedad y dise\u00f1arla a su gusto o si desea comprar un terreno y construir la casa de acuerdo a sus necesidades y gustos.<\/p>\n<p>Muchos extranjeros tan pronto como ingresan a nuestra ciudad se enamoran del calor y desean establecerse permanentemente, especialmente en las playas porque est\u00e1n buscando un lugar que les ayude a vivir en tranquilidad y rodeados de entornos hermosos y seguros.<\/p>\n<p>Si, como ellos, tambi\u00e9n desea comenzar una vida en una de las playas o en la ciudad, podemos ofrecerle una amplia variedad de opciones para casas, apartamentos y terrenos.<\/p>\n<p>\u00bfNo te sigas preguntando c\u00f3mo comprar una casa en M\u00e9xico si soy extranjero? \u00a1Pon manos a la obra y vive tu sue\u00f1o ahora! Puedes hacerlo desde cualquier parte del mundo, cont\u00e1ctanos!<\/p>\n<p>Somos una empresa seria y profesional con personal capacitado para asesorarlo y ayudarlo en todos los procedimientos que necesita para adquirir su propiedad.<\/p>\n<p>\u00a1No espere, ll\u00e1menos o env\u00edenos un correo electr\u00f3nico hoy![\/vc_column_text][\/vc_column][\/vc_row][vc_row][vc_column][vc_mad_blog_posts layout=&#8221;kw-carousel&#8221; items=&#8221;10&#8243; show_button=&#8221;1&#8243; align_title=&#8221;align-left&#8221; show_cover_image=&#8221;1&#8243; title=&#8221;\u00daltimas Noticias&#8221;][\/vc_column][\/vc_row][vc_row][vc_column width=&#8221;1\/2&#8243;][vc_widget_sidebar sidebar_id=&#8221;footer-row-10&#8243; title=&#8221;S\u00edguenos en Facebook&#8221;][\/vc_column][vc_column width=&#8221;1\/2&#8243;][vc_row_inner][vc_column_inner width=&#8221;1\/2&#8243;][vc_single_image image=&#8221;3294&#8243; img_size=&#8221;full&#8221; onclick=&#8221;custom_link&#8221; img_link_target=&#8221;_blank&#8221; title=&#8221;Encuentranos en&#8221; link=&#8221;https:\/\/www.point2homes.com\/&#8221;][\/vc_column_inner][vc_column_inner width=&#8221;1\/2&#8243;][vc_single_image image=&#8221;8356&#8243; img_size=&#8221;full&#8221; onclick=&#8221;custom_link&#8221; img_link_target=&#8221;_blank&#8221; link=&#8221;https:\/\/www.easylegalmexico.com\/&#8221;][\/vc_column_inner][\/vc_row_inner][\/vc_column][\/vc_row]<\/p>\n","protected":false},"excerpt":{"rendered":"<p>[vc_row full_width=&#8221;stretch_row_content_no_spaces&#8221; css=&#8221;.vc_custom_1565508798863{margin-bottom: 0px !important;padding-bottom: 0px !important;}&#8221;][vc_column][rev_slider slidertitle=&#8221;inicio 3&#8243; alias=&#8221;home-3-1&#8243;][\/vc_column][\/vc_row][vc_row el_id=&#8221;home-listing&#8221;][vc_column][vc_column_text el_class=&#8221;text-justify&#8221;] Bienvenido a Yucatan Coast Realty \u00bfQuieres vivir en alg\u00fan lugar de Yucat\u00e1n? [\/vc_column_text][vc_row_inner css=&#8221;.vc_custom_1698797079617{margin-right: 0px !important;margin-bottom: 30px !important;margin-left: [&hellip;]<\/p>\n","protected":false},"author":1,"featured_media":2564,"parent":0,"menu_order":0,"comment_status":"closed","ping_status":"closed","template":"","meta":{"inline_featured_image":false,"footnotes":""},"class_list":["post-7","page","type-page","status-publish","has-post-thumbnail","hentry"],"yoast_head":"<!-- This site is optimized with the Yoast SEO plugin v25.4 - https:\/\/yoast.com\/wordpress\/plugins\/seo\/ -->\n<title>Descubra su Propiedad Perfecta en Yucat\u00e1n - Yucat\u00e1n Coast Realty<\/title>\n<meta name=\"robots\" content=\"index, follow, max-snippet:-1, max-image-preview:large, max-video-preview:-1\" \/>\n<link rel=\"canonical\" href=\"https:\/\/yucatancoastrealty.com\/es\/\" \/>\n<meta property=\"og:locale\" content=\"es_ES\" \/>\n<meta property=\"og:locale:alternate\" content=\"en_US\" \/>\n<meta property=\"og:type\" content=\"article\" \/>\n<meta property=\"og:title\" content=\"Descubra su Propiedad Perfecta en Yucat\u00e1n - Yucat\u00e1n Coast Realty\" \/>\n<meta property=\"og:description\" content=\"[vc_row full_width=&#8221;stretch_row_content_no_spaces&#8221; css=&#8221;.vc_custom_1565508798863{margin-bottom: 0px !important;padding-bottom: 0px !important;}&#8221;][vc_column][rev_slider slidertitle=&#8221;inicio 3&#8243; alias=&#8221;home-3-1&#8243;][\/vc_column][\/vc_row][vc_row el_id=&#8221;home-listing&#8221;][vc_column][vc_column_text el_class=&#8221;text-justify&#8221;] Bienvenido a Yucatan Coast Realty \u00bfQuieres vivir en alg\u00fan lugar de Yucat\u00e1n? [\/vc_column_text][vc_row_inner css=&#8221;.vc_custom_1698797079617{margin-right: 0px !important;margin-bottom: 30px !important;margin-left: [&hellip;]\" \/>\n<meta property=\"og:url\" content=\"https:\/\/yucatancoastrealty.com\/es\/\" \/>\n<meta property=\"og:site_name\" content=\"Yucat\u00e1n Coast Realty\" \/>\n<meta property=\"article:modified_time\" content=\"2024-12-03T21:35:47+00:00\" \/>\n<meta property=\"og:image\" content=\"https:\/\/yucatancoastrealty.com\/wp-content\/uploads\/2019\/07\/logo-yucatan-coast.png\" \/>\n\t<meta property=\"og:image:width\" content=\"1846\" \/>\n\t<meta property=\"og:image:height\" content=\"1337\" \/>\n\t<meta property=\"og:image:type\" content=\"image\/png\" \/>\n<meta name=\"twitter:card\" content=\"summary_large_image\" \/>\n<meta name=\"twitter:label1\" content=\"Tiempo de lectura\" \/>\n\t<meta name=\"twitter:data1\" content=\"2 minutos\" \/>\n<script type=\"application\/ld+json\" class=\"yoast-schema-graph\">{\"@context\":\"https:\/\/schema.org\",\"@graph\":[{\"@type\":\"WebPage\",\"@id\":\"https:\/\/yucatancoastrealty.com\/\",\"url\":\"https:\/\/yucatancoastrealty.com\/\",\"name\":\"Descubra su Propiedad Perfecta en Yucat\u00e1n - Yucat\u00e1n Coast Realty\",\"isPartOf\":{\"@id\":\"https:\/\/yucatancoastrealty.com\/#website\"},\"primaryImageOfPage\":{\"@id\":\"https:\/\/yucatancoastrealty.com\/#primaryimage\"},\"image\":{\"@id\":\"https:\/\/yucatancoastrealty.com\/#primaryimage\"},\"thumbnailUrl\":\"https:\/\/yucatancoastrealty.com\/wp-content\/uploads\/2019\/07\/logo-yucatan-coast.png\",\"datePublished\":\"2017-01-24T08:03:05+00:00\",\"dateModified\":\"2024-12-03T21:35:47+00:00\",\"breadcrumb\":{\"@id\":\"https:\/\/yucatancoastrealty.com\/#breadcrumb\"},\"inLanguage\":\"es-ES\",\"potentialAction\":[{\"@type\":\"ReadAction\",\"target\":[\"https:\/\/yucatancoastrealty.com\/\"]}]},{\"@type\":\"ImageObject\",\"inLanguage\":\"es-ES\",\"@id\":\"https:\/\/yucatancoastrealty.com\/#primaryimage\",\"url\":\"https:\/\/yucatancoastrealty.com\/wp-content\/uploads\/2019\/07\/logo-yucatan-coast.png\",\"contentUrl\":\"https:\/\/yucatancoastrealty.com\/wp-content\/uploads\/2019\/07\/logo-yucatan-coast.png\",\"width\":1846,\"height\":1337},{\"@type\":\"BreadcrumbList\",\"@id\":\"https:\/\/yucatancoastrealty.com\/#breadcrumb\",\"itemListElement\":[{\"@type\":\"ListItem\",\"position\":1,\"name\":\"Home\",\"item\":\"https:\/\/yucatancoastrealty.com\/\"},{\"@type\":\"ListItem\",\"position\":2,\"name\":\"Discover Your Perfect Property in Yucat\u00e1n\"}]},{\"@type\":\"WebSite\",\"@id\":\"https:\/\/yucatancoastrealty.com\/#website\",\"url\":\"https:\/\/yucatancoastrealty.com\/\",\"name\":\"Yucat\u00e1n Coast Realty\",\"description\":\"El primer paso para conseguir la casa de tus sue\u00f1os.\",\"publisher\":{\"@id\":\"https:\/\/yucatancoastrealty.com\/#organization\"},\"potentialAction\":[{\"@type\":\"SearchAction\",\"target\":{\"@type\":\"EntryPoint\",\"urlTemplate\":\"https:\/\/yucatancoastrealty.com\/?s={search_term_string}\"},\"query-input\":{\"@type\":\"PropertyValueSpecification\",\"valueRequired\":true,\"valueName\":\"search_term_string\"}}],\"inLanguage\":\"es-ES\"},{\"@type\":\"Organization\",\"@id\":\"https:\/\/yucatancoastrealty.com\/#organization\",\"name\":\"Yucat\u00e1n Coast Realty\",\"url\":\"https:\/\/yucatancoastrealty.com\/\",\"logo\":{\"@type\":\"ImageObject\",\"inLanguage\":\"es-ES\",\"@id\":\"https:\/\/yucatancoastrealty.com\/#\/schema\/logo\/image\/\",\"url\":\"http:\/\/yucatancoastrealty.com\/wp-content\/uploads\/2019\/07\/logo-yucatan-coast.png\",\"contentUrl\":\"http:\/\/yucatancoastrealty.com\/wp-content\/uploads\/2019\/07\/logo-yucatan-coast.png\",\"width\":1846,\"height\":1337,\"caption\":\"Yucat\u00e1n Coast Realty\"},\"image\":{\"@id\":\"https:\/\/yucatancoastrealty.com\/#\/schema\/logo\/image\/\"}}]}<\/script>\n<!-- \/ Yoast SEO plugin. -->","yoast_head_json":{"title":"Descubra su Propiedad Perfecta en Yucat\u00e1n - Yucat\u00e1n Coast Realty","robots":{"index":"index","follow":"follow","max-snippet":"max-snippet:-1","max-image-preview":"max-image-preview:large","max-video-preview":"max-video-preview:-1"},"canonical":"https:\/\/yucatancoastrealty.com\/es\/","og_locale":"es_ES","og_type":"article","og_title":"Descubra su Propiedad Perfecta en Yucat\u00e1n - Yucat\u00e1n Coast Realty","og_description":"[vc_row full_width=&#8221;stretch_row_content_no_spaces&#8221; css=&#8221;.vc_custom_1565508798863{margin-bottom: 0px !important;padding-bottom: 0px !important;}&#8221;][vc_column][rev_slider slidertitle=&#8221;inicio 3&#8243; alias=&#8221;home-3-1&#8243;][\/vc_column][\/vc_row][vc_row el_id=&#8221;home-listing&#8221;][vc_column][vc_column_text el_class=&#8221;text-justify&#8221;] Bienvenido a Yucatan Coast Realty \u00bfQuieres vivir en alg\u00fan lugar de Yucat\u00e1n? [\/vc_column_text][vc_row_inner css=&#8221;.vc_custom_1698797079617{margin-right: 0px !important;margin-bottom: 30px !important;margin-left: [&hellip;]","og_url":"https:\/\/yucatancoastrealty.com\/es\/","og_site_name":"Yucat\u00e1n Coast Realty","article_modified_time":"2024-12-03T21:35:47+00:00","og_image":[{"width":1846,"height":1337,"url":"https:\/\/yucatancoastrealty.com\/wp-content\/uploads\/2019\/07\/logo-yucatan-coast.png","type":"image\/png"}],"twitter_card":"summary_large_image","twitter_misc":{"Tiempo de lectura":"2 minutos"},"schema":{"@context":"https:\/\/schema.org","@graph":[{"@type":"WebPage","@id":"https:\/\/yucatancoastrealty.com\/","url":"https:\/\/yucatancoastrealty.com\/","name":"Descubra su Propiedad Perfecta en Yucat\u00e1n - Yucat\u00e1n Coast Realty","isPartOf":{"@id":"https:\/\/yucatancoastrealty.com\/#website"},"primaryImageOfPage":{"@id":"https:\/\/yucatancoastrealty.com\/#primaryimage"},"image":{"@id":"https:\/\/yucatancoastrealty.com\/#primaryimage"},"thumbnailUrl":"https:\/\/yucatancoastrealty.com\/wp-content\/uploads\/2019\/07\/logo-yucatan-coast.png","datePublished":"2017-01-24T08:03:05+00:00","dateModified":"2024-12-03T21:35:47+00:00","breadcrumb":{"@id":"https:\/\/yucatancoastrealty.com\/#breadcrumb"},"inLanguage":"es-ES","potentialAction":[{"@type":"ReadAction","target":["https:\/\/yucatancoastrealty.com\/"]}]},{"@type":"ImageObject","inLanguage":"es-ES","@id":"https:\/\/yucatancoastrealty.com\/#primaryimage","url":"https:\/\/yucatancoastrealty.com\/wp-content\/uploads\/2019\/07\/logo-yucatan-coast.png","contentUrl":"https:\/\/yucatancoastrealty.com\/wp-content\/uploads\/2019\/07\/logo-yucatan-coast.png","width":1846,"height":1337},{"@type":"BreadcrumbList","@id":"https:\/\/yucatancoastrealty.com\/#breadcrumb","itemListElement":[{"@type":"ListItem","position":1,"name":"Home","item":"https:\/\/yucatancoastrealty.com\/"},{"@type":"ListItem","position":2,"name":"Discover Your Perfect Property in Yucat\u00e1n"}]},{"@type":"WebSite","@id":"https:\/\/yucatancoastrealty.com\/#website","url":"https:\/\/yucatancoastrealty.com\/","name":"Yucat\u00e1n Coast Realty","description":"El primer paso para conseguir la casa de tus sue\u00f1os.","publisher":{"@id":"https:\/\/yucatancoastrealty.com\/#organization"},"potentialAction":[{"@type":"SearchAction","target":{"@type":"EntryPoint","urlTemplate":"https:\/\/yucatancoastrealty.com\/?s={search_term_string}"},"query-input":{"@type":"PropertyValueSpecification","valueRequired":true,"valueName":"search_term_string"}}],"inLanguage":"es-ES"},{"@type":"Organization","@id":"https:\/\/yucatancoastrealty.com\/#organization","name":"Yucat\u00e1n Coast Realty","url":"https:\/\/yucatancoastrealty.com\/","logo":{"@type":"ImageObject","inLanguage":"es-ES","@id":"https:\/\/yucatancoastrealty.com\/#\/schema\/logo\/image\/","url":"http:\/\/yucatancoastrealty.com\/wp-content\/uploads\/2019\/07\/logo-yucatan-coast.png","contentUrl":"http:\/\/yucatancoastrealty.com\/wp-content\/uploads\/2019\/07\/logo-yucatan-coast.png","width":1846,"height":1337,"caption":"Yucat\u00e1n Coast Realty"},"image":{"@id":"https:\/\/yucatancoastrealty.com\/#\/schema\/logo\/image\/"}}]}},"_links":{"self":[{"href":"https:\/\/yucatancoastrealty.com\/es\/wp-json\/wp\/v2\/pages\/7","targetHints":{"allow":["GET"]}}],"collection":[{"href":"https:\/\/yucatancoastrealty.com\/es\/wp-json\/wp\/v2\/pages"}],"about":[{"href":"https:\/\/yucatancoastrealty.com\/es\/wp-json\/wp\/v2\/types\/page"}],"author":[{"embeddable":true,"href":"https:\/\/yucatancoastrealty.com\/es\/wp-json\/wp\/v2\/users\/1"}],"replies":[{"embeddable":true,"href":"https:\/\/yucatancoastrealty.com\/es\/wp-json\/wp\/v2\/comments?post=7"}],"version-history":[{"count":63,"href":"https:\/\/yucatancoastrealty.com\/es\/wp-json\/wp\/v2\/pages\/7\/revisions"}],"predecessor-version":[{"id":9199,"href":"https:\/\/yucatancoastrealty.com\/es\/wp-json\/wp\/v2\/pages\/7\/revisions\/9199"}],"wp:featuredmedia":[{"embeddable":true,"href":"https:\/\/yucatancoastrealty.com\/es\/wp-json\/wp\/v2\/media\/2564"}],"wp:attachment":[{"href":"https:\/\/yucatancoastrealty.com\/es\/wp-json\/wp\/v2\/media?parent=7"}],"curies":[{"name":"wp","href":"https:\/\/api.w.org\/{rel}","templated":true}]}}